{"id":70,"date":"2014-02-08T19:53:53","date_gmt":"2014-02-08T19:53:53","guid":{"rendered":"http:\/\/baldios.pt\/pt\/?page_id=70"},"modified":"2023-07-12T12:24:09","modified_gmt":"2023-07-12T12:24:09","slug":"equipa","status":"publish","type":"page","link":"https:\/\/baldios.pt\/pt\/equipa\/","title":{"rendered":"EQUIPA"},"content":{"rendered":"<p><strong><img loading=\"lazy\" class=\"alignnone size-full wp-image-429\" src=\"http:\/\/baldios.pt\/pt\/wp-content\/uploads\/baldiosap_equipa.jpg\" alt=\"baldiosap_equipa\" width=\"1200\" height=\"778\" srcset=\"https:\/\/baldios.pt\/pt\/wp-content\/uploads\/baldiosap_equipa.jpg 1200w, https:\/\/baldios.pt\/pt\/wp-content\/uploads\/baldiosap_equipa-900x583.jpg 900w, https:\/\/baldios.pt\/pt\/wp-content\/uploads\/baldiosap_equipa-1024x663.jpg 1024w, https:\/\/baldios.pt\/pt\/wp-content\/uploads\/baldiosap_equipa-231x150.jpg 231w, https:\/\/baldios.pt\/pt\/wp-content\/uploads\/baldiosap_equipa-150x97.jpg 150w\" sizes=\"(max-width: 1200px) 100vw, 1200px\" \/><\/strong><\/p>\n<p><strong>ARMANDO FERREIRA<\/strong> (Vendas-Novas, 1975) Co-fundador de BALDIOS Arquitectos Paisagistas. Arquitecto Paisagista pelo Instituto Superior de Agronomia (2000). Desde 1997 que tem trabalhado em co-autoria ou em colabora\u00e7\u00e3o com diversos ateliers de Arquitectura Paisagista. Foi co-fundador da e-zine &#8220;Festo&#8221; (1998-2001) e do colectivo &#8220;O Verdete&#8221; (2005-2011). <span style=\"color: #333333;\"><em>He is a cofounder of BALDIOS Arquitectos Paisagistas. He is a Landscape Architect from the Instituto Superior de Agronomia (2000). Since 1997 he has been working with different Landscape Architecture offices. He was a co-founder of &#8220;Festo&#8221; e-zine (from 1998 until 2001) and the Verdete collective (active between 2005 and 2011).<\/em><\/span><\/p>\n<p><strong>CATARINA RAPOSO<\/strong> (Lisboa, 1974) Co-fundadora de BALDIOS Arquitectos Paisagistas. Arquiteta paisagista pelo Instituto Superior de Agronomia em Lisboa, onde ensina desde 2004 como assistente convidada com a Prof\u00aa Teresa Alfaite e onde colaborou em diversos projetos de investiga\u00e7\u00e3o com o Prof\u00bas Ribeiro Telles e M. Manuela Raposo Magalh\u00e3es. Colaborou com a Global, Arquitectura Paisagista, lda entre 2001-2012, como projetista s\u00e9nior e, a partir de 2008, como associada, coordenando diversos projetos de escalas e \u00e2mbitos distintos. Fez parte do grupo editorial da revista AP (revista da Associa\u00e7\u00e3o Portuguesa dos Arquitetos paisagistas) entre 2010-2013, tendo estado na funda\u00e7\u00e3o da e-zine &#8220;Festo&#8221;. Em 2007 foi curadora em parceria com Claudia Taborda da exposi\u00e7\u00e3o Paisagem: Espa\u00e7o, Ideologia e Ac\u00e7\u00e3o no \u00e2mbito da Trienal de Arquitetura de Lisboa. <span style=\"color: #333333;\"><em>She is a cofounder of BALDIOS Arquitectos Paisagistas. She is a landscape architect from the Instituto Superior de Agronomia where she teaches since 2004 as an invited assistant Professor Teresa Alfaite and where she collaborated in several investigation projects with Professor Ribeiro Telles and Professor M. Manuela Raposo Magalh\u00e3es.\u00a0 From 2001 until 2012 she worked at Global, Arquitectura Paisagista, Lda as senior landscape architect and after 2008 as associate landscape architect. She coordinated several projects with several scales and scopes. Between 2010 and 2013 she was a member of the editorial board of AP magazine (official magazine of the portuguese landscape architects association &#8211; APAP). She was at the foundation of &#8220;Festo&#8221; e-zine . In 2007 she curated with Claudia Taborda the Lisbon Architecture Trienal&#8217;s landscape exhibition: Space, Ideology and Action.<\/em><\/span><\/p>\n<p><strong>JOANA MARQUES <\/strong>(Lisboa, 1978) Co-fundadora de BALDIOS Arquitectos Paisagistas. Estudou arquitectura paisagista no Instituto Superior de Agronomia em Lisboa, na Wageningen University e na Technische Universit\u00e4t Berlin. Formou-se em 2006 com um trabalho sobre a semiologia da paisagem. De 2003 adiante tem trabalhado com ateliers de arquitectura e arquitectura paisagista em Portugal e It\u00e1lia. Esteve presente na forma\u00e7\u00e3o do colectivo \u201cO Verdete\u201d (2005-2011). <span style=\"color: #333333;\"><em>She is a cofounder of BALDIOS Arquitectos Paisagistas. She studied Landscape Architect in the Instituto Superior de Agronomia of Lisbon,\u00a0Wageningen University in the Netherlands and in the\u00a0Technische Universit\u00e4t of Berlin. She graduated in 2006 with a work on landscape semiology. From 2003 onwards she has worked in landscape architecture offices in Portugal and Italy. She was in the formation the Verdete collective (active between 2005 and 2011).<\/em><\/span><\/p>\n<p><strong>PEDRO GUSM\u00c3O <\/strong>(Lisboa, 1978) Co-fundador de BALDIOS Arquitectos Paisagistas. Formou-se em arquitectura paisagista no Instituto Superior de Agronomia e na TU Berlin. Desde 2003 que desenvolve paralelamente a actividade profissional com a investiga\u00e7\u00e3o. Foi co-fundador do colectivo \u201cO Verdete\u201d (activo entre 2005 e 2011). De 2006 a 2012 trabalhou na Global Arquitectura Paisagista. Em 2013 cria a Sociedade Explorat\u00f3ria para a Interpreta\u00e7\u00e3o da Paisagem com Samuel Alcobia. <span style=\"color: #333333;\"><em>He is a cofounder of BALDIOS Arquitectos Paisagistas. He graduated in Landscape Architecture in the Instituto Superior de Agronomia of Lisbon and in the\u00a0Technische Universit\u00e4t of Berlin. Since 2003 he has been working in landscape architecture and landscape investigation. He was a co-founder of the Verdete collective (active between 2005 and 2011). Between 2006 and 2012 he worked in Global Arquitectura Paisagista. In 2013 he founds with Samuel Alcobia the Sociedade Explorat\u00f3ria para a Interpreta\u00e7\u00e3o da Paisagem.<\/em><\/span><\/p>\n<p align=\"LEFT\"><strong>SAMUEL ALCOBIA<\/strong> (Almada, 1975) . S\u00f3cio de BALDIOS Arquitectos Paisagistas desde 2016. Formou-se em arquitectura paisagista no Instituto Superior de Agronomia, e tem uma p\u00f3s-gradua\u00e7\u00e3o em Artes Visuais e Interm\u00e9dia, da Universidade de \u00c9vora. Paralelamente \u00e0 arquitectura paisagista, desenvolve trabalho no campo das artes visuais e ilustra\u00e7\u00e3o. De 2000 a 2016 trabalhou na Topiaris, Arquitectura Paisagista. Em 2013 cria a Sociedade Explorat\u00f3ria para a Interpreta\u00e7\u00e3o da Paisagem com Pedro Gusm\u00e3o. <em><span style=\"color: #333333;\">He is a partner of BALDIOS Arquitectos Paisagistas since 2016. <\/span>He graduated in Landscape Architecture in the Instituto Superior de Agronomia of Lisbon, and helds a posr-grad in Visual Arts and Intermedia from the \u00c9vora University. He also develops works in visual arts and illustration. From 2000 to 2016 worked in Topiaris, Arquitectura Paisagista. In 2013 he founds with Pedro Gusm\u00e3o the Sociedade Explorat\u00f3ria para a Interpreta\u00e7\u00e3o da Paisagem.<\/em><\/p>\n<p><strong><span class=\"markf18bno9fb\" data-markjs=\"true\" data-ogac=\"\" data-ogab=\"\" data-ogsc=\"\" data-ogsb=\"\">DAMIANO<\/span>\u00a0CERIANI<\/strong> (Verona, 1988). Arquitecto Paisagista pela Universidade de Floren\u00e7a, Colaborou com o atelier Margem na exposi\u00e7\u00e3o &#8220;Coreografias da \u00c1gua | Pensar o s\u00edtio de Lisboa&#8221; (Teresa Alfaiate | Jo\u00e3o Mendes Ribeiro) e come\u00e7a a sua atividade de Arquitecto Paisagista no atelier Global. Colaborador nos Baldios desde 2021. <em>Landscape Architect by the University of Florence, he collaborated with the Margem atelier in the exhibition &#8220;Water Choreographies | Thinking about the Lisbon site&#8221; (Teresa Alfaiate | Jo\u00e3o Mendes Ribeiro) and begins his activity as Landscape Architect in <span style=\"color: #333333;\">Global, Arquitectura Paisagista, Lda<\/span>. Collaborator at Baldios since 2021.<\/em><\/p>\n<p><strong><span class=\"markf18bno9fb\" data-markjs=\"true\" data-ogac=\"\" data-ogab=\"\" data-ogsc=\"\" data-ogsb=\"\">BEATRIZ MONTEIRO (<\/span><\/strong>Lisboa, 1995). Arquiteta paisagista pelo Instituto Superior de Agronomia (2021). Colaborou com o atelier Margem na exposi\u00e7\u00e3o &#8220;Coreografias da \u00c1gua | Pensar o s\u00edtio de Lisboa&#8221; (Teresa Alfaiate | Jo\u00e3o Mendes Ribeiro). Colaboradora nos Baldios deste 2021. <em>Landscape architect graduated in the Instituto Superior de Agronomia (2021). Collaborated with Margem atelier in the exhibition &#8220;Water Choreographies | Thinking about the Lisbon site&#8221; (Teresa Alfaiate | Jo\u00e3o Mendes Ribeiro). Collaborator in Baldios this 2021.<\/em><\/p>\n<p><strong>MARTA TERLIM<\/strong> (Lisboa, 1997) Arquiteta paisagista pela Universidade de \u00c9vora. Colaborou com ateliers em Lisboa e Barcelona desde 2020. Integrou a equipa do Programa Educativo do Jardim da Funda\u00e7\u00e3o Calouste Gulbenkian em 2021. Desempenhou o cargo de Delegada Estudante na APAP \u2013 Associa\u00e7\u00e3o Portuguesa dos Arquitetos Paisagistas de 2021 a 2023. Colabora nos Baldios desde 2023. <em>Landscape architect graduated in \u00c9vora University. Collaborated with ateliers in Lisbon and Barcelona since 2020. Joined the team of the Educational Program of the Calouste Gulbenkian Foundation Garden in 2021. Held the position of Student Delegate at APAP from 2021 to 2023. Collaborates in Baldios since 2023.<\/em><\/p>\n<div><strong>TAMARA FERNANDEZ<\/strong> (Santiago, 1996) Arquiteta e mestre em Arquitetura Paisagista pela Pontificia Universidad Cat\u00f3lica do Chile. Colaborou com ateliers em Santiago desde 2019 em projetos de parques p\u00fablicos, habita\u00e7\u00e3o e no concurso &#8216;Parque Observat\u00f3rio Cerro Cal\u00e1n&#8217; (2020) em Santiago. Colaboradora nos Baldios desde 2023. <em>Architect and Master of Landscape Architecture graduated from Pontificia Universidad Cat\u00f3lica de Chile. She has been collaborating with ateliers in Santiago since 2019 on projects involving public parks, housing and the &#8216;Cerro Cal\u00e1n Observatory Park&#8217; competition (2020) in Santiago. Collaborates in Baldios since 2023.<\/em><\/div>\n<p><strong>Antigos colaboradores|Past collaborators<\/strong><\/p>\n<p>Cl\u00e1udia Coelho|Jo\u00e3o Antunes|Jenifer Rodrigues|Jo\u00e3o Santos|Paulo Palma|Susana Fraz\u00e3o<\/p>\n<p style=\"text-align: right;\">image from the AML .\u00a0<em><span style=\"color: #000000;\">Piquenique na floresta de Compi\u00e8gne <\/span><\/em><span style=\"color: #000000;\">por autor desconhecido <\/span>. PT\/AMLSB\/BEK\/004\/001354<\/p>\n","protected":false},"excerpt":{"rendered":"<p>ARMANDO FERREIRA (Vendas-Novas, 1975) Co-fundador de BALDIOS Arquitectos Paisagistas. Arquitecto Paisagista pelo Instituto Superior de Agronomia (2000). Desde 1997 que tem trabalhado em co-autoria ou em colabora\u00e7\u00e3o com diversos ateliers de Arquitectura Paisagista. Foi co-fundador da e-zine &#8220;Festo&#8221; (1998-2001) e do colectivo &#8220;O Verdete&#8221; (2005-2011). He is a cofounder of\u2026 <a class=\"continue-reading-link\" href=\"https:\/\/baldios.pt\/pt\/equipa\/\">Continue reading<\/a><\/p>\n","protected":false},"author":1,"featured_media":0,"parent":0,"menu_order":9,"comment_status":"closed","ping_status":"closed","template":"","meta":[],"_links":{"self":[{"href":"https:\/\/baldios.pt\/pt\/wp-json\/wp\/v2\/pages\/70"}],"collection":[{"href":"https:\/\/baldios.pt\/pt\/wp-json\/wp\/v2\/pages"}],"about":[{"href":"https:\/\/baldios.pt\/pt\/wp-json\/wp\/v2\/types\/page"}],"author":[{"embeddable":true,"href":"https:\/\/baldios.pt\/pt\/wp-json\/wp\/v2\/users\/1"}],"replies":[{"embeddable":true,"href":"https:\/\/baldios.pt\/pt\/wp-json\/wp\/v2\/comments?post=70"}],"version-history":[{"count":44,"href":"https:\/\/baldios.pt\/pt\/wp-json\/wp\/v2\/pages\/70\/revisions"}],"predecessor-version":[{"id":1493,"href":"https:\/\/baldios.pt\/pt\/wp-json\/wp\/v2\/pages\/70\/revisions\/1493"}],"wp:attachment":[{"href":"https:\/\/baldios.pt\/pt\/wp-json\/wp\/v2\/media?parent=70"}],"curies":[{"name":"wp","href":"https:\/\/api.w.org\/{rel}","templated":true}]}}