{"id":684,"date":"2016-03-19T21:11:02","date_gmt":"2016-03-19T21:11:02","guid":{"rendered":"http:\/\/baldios.pt\/pt\/?page_id=684"},"modified":"2017-01-26T14:45:30","modified_gmt":"2017-01-26T14:45:30","slug":"thun","status":"publish","type":"page","link":"https:\/\/baldios.pt\/pt\/projectos\/thun\/","title":{"rendered":"THUN"},"content":{"rendered":"<p><strong>CONCURSO PARA O NOVO CREMAT\u00d3RIO DE THUN-SCHOREN<br \/>\n<\/strong><em>open competition for the new Crematorium of Thun-Schoren<\/em><\/p>\n<p>&nbsp;<\/p>\n<p><img loading=\"lazy\" class=\"alignnone size-full wp-image-981\" src=\"http:\/\/baldios.pt\/pt\/wp-content\/uploads\/THUN_cruz.jpg\" alt=\"\" width=\"1800\" height=\"912\" srcset=\"https:\/\/baldios.pt\/pt\/wp-content\/uploads\/THUN_cruz.jpg 1800w, https:\/\/baldios.pt\/pt\/wp-content\/uploads\/THUN_cruz-900x456.jpg 900w, https:\/\/baldios.pt\/pt\/wp-content\/uploads\/THUN_cruz-768x389.jpg 768w, https:\/\/baldios.pt\/pt\/wp-content\/uploads\/THUN_cruz-1024x519.jpg 1024w, https:\/\/baldios.pt\/pt\/wp-content\/uploads\/THUN_cruz-250x127.jpg 250w, https:\/\/baldios.pt\/pt\/wp-content\/uploads\/THUN_cruz-150x76.jpg 150w\" sizes=\"(max-width: 1800px) 100vw, 1800px\" \/><\/p>\n<p><img loading=\"lazy\" class=\"alignnone size-full wp-image-762\" src=\"http:\/\/baldios.pt\/pt\/wp-content\/uploads\/THUN-Pgeral.jpg\" alt=\"A1\" width=\"1800\" height=\"2113\" srcset=\"https:\/\/baldios.pt\/pt\/wp-content\/uploads\/THUN-Pgeral.jpg 1800w, https:\/\/baldios.pt\/pt\/wp-content\/uploads\/THUN-Pgeral-511x600.jpg 511w, https:\/\/baldios.pt\/pt\/wp-content\/uploads\/THUN-Pgeral-767x900.jpg 767w, https:\/\/baldios.pt\/pt\/wp-content\/uploads\/THUN-Pgeral-768x902.jpg 768w, https:\/\/baldios.pt\/pt\/wp-content\/uploads\/THUN-Pgeral-872x1024.jpg 872w, https:\/\/baldios.pt\/pt\/wp-content\/uploads\/THUN-Pgeral-128x150.jpg 128w\" sizes=\"(max-width: 1800px) 100vw, 1800px\" \/><\/p>\n<p>&nbsp;<\/p>\n<p><img loading=\"lazy\" class=\"alignnone size-full wp-image-757\" src=\"http:\/\/baldios.pt\/pt\/wp-content\/uploads\/THUN2_PGERAL-PARCIAL.jpg\" alt=\"THUN2_PGERAL PARCIAL\" width=\"1800\" height=\"1342\" srcset=\"https:\/\/baldios.pt\/pt\/wp-content\/uploads\/THUN2_PGERAL-PARCIAL.jpg 1800w, https:\/\/baldios.pt\/pt\/wp-content\/uploads\/THUN2_PGERAL-PARCIAL-805x600.jpg 805w, https:\/\/baldios.pt\/pt\/wp-content\/uploads\/THUN2_PGERAL-PARCIAL-900x671.jpg 900w, https:\/\/baldios.pt\/pt\/wp-content\/uploads\/THUN2_PGERAL-PARCIAL-768x573.jpg 768w, https:\/\/baldios.pt\/pt\/wp-content\/uploads\/THUN2_PGERAL-PARCIAL-1024x763.jpg 1024w, https:\/\/baldios.pt\/pt\/wp-content\/uploads\/THUN2_PGERAL-PARCIAL-201x150.jpg 201w, https:\/\/baldios.pt\/pt\/wp-content\/uploads\/THUN2_PGERAL-PARCIAL-150x112.jpg 150w\" sizes=\"(max-width: 1800px) 100vw, 1800px\" \/><\/p>\n<p><img loading=\"lazy\" class=\"alignnone size-full wp-image-775\" src=\"http:\/\/baldios.pt\/pt\/wp-content\/uploads\/THUN_CORTES_1.jpg\" alt=\"THUN_CORTES_1\" width=\"1800\" height=\"1061\" srcset=\"https:\/\/baldios.pt\/pt\/wp-content\/uploads\/THUN_CORTES_1.jpg 1800w, https:\/\/baldios.pt\/pt\/wp-content\/uploads\/THUN_CORTES_1-900x531.jpg 900w, https:\/\/baldios.pt\/pt\/wp-content\/uploads\/THUN_CORTES_1-768x453.jpg 768w, https:\/\/baldios.pt\/pt\/wp-content\/uploads\/THUN_CORTES_1-1024x604.jpg 1024w, https:\/\/baldios.pt\/pt\/wp-content\/uploads\/THUN_CORTES_1-250x147.jpg 250w, https:\/\/baldios.pt\/pt\/wp-content\/uploads\/THUN_CORTES_1-150x88.jpg 150w\" sizes=\"(max-width: 1800px) 100vw, 1800px\" \/> <img loading=\"lazy\" class=\"alignnone size-full wp-image-774\" src=\"http:\/\/baldios.pt\/pt\/wp-content\/uploads\/THUN_CORTES_2.jpg\" alt=\"THUN_CORTES_2\" width=\"1800\" height=\"1200\" srcset=\"https:\/\/baldios.pt\/pt\/wp-content\/uploads\/THUN_CORTES_2.jpg 1800w, https:\/\/baldios.pt\/pt\/wp-content\/uploads\/THUN_CORTES_2-900x600.jpg 900w, https:\/\/baldios.pt\/pt\/wp-content\/uploads\/THUN_CORTES_2-768x512.jpg 768w, https:\/\/baldios.pt\/pt\/wp-content\/uploads\/THUN_CORTES_2-1024x683.jpg 1024w, https:\/\/baldios.pt\/pt\/wp-content\/uploads\/THUN_CORTES_2-225x150.jpg 225w, https:\/\/baldios.pt\/pt\/wp-content\/uploads\/THUN_CORTES_2-150x100.jpg 150w\" sizes=\"(max-width: 1800px) 100vw, 1800px\" \/><\/p>\n<p><img loading=\"lazy\" class=\"alignnone size-full wp-image-692\" src=\"http:\/\/baldios.pt\/pt\/wp-content\/uploads\/THUN-3d-2.jpg\" alt=\"THUN 3d-2\" width=\"1800\" height=\"1800\" srcset=\"https:\/\/baldios.pt\/pt\/wp-content\/uploads\/THUN-3d-2.jpg 1800w, https:\/\/baldios.pt\/pt\/wp-content\/uploads\/THUN-3d-2-600x600.jpg 600w, https:\/\/baldios.pt\/pt\/wp-content\/uploads\/THUN-3d-2-900x900.jpg 900w, https:\/\/baldios.pt\/pt\/wp-content\/uploads\/THUN-3d-2-768x768.jpg 768w, https:\/\/baldios.pt\/pt\/wp-content\/uploads\/THUN-3d-2-1024x1024.jpg 1024w, https:\/\/baldios.pt\/pt\/wp-content\/uploads\/THUN-3d-2-150x150.jpg 150w\" sizes=\"(max-width: 1800px) 100vw, 1800px\" \/><\/p>\n<p><img loading=\"lazy\" class=\"alignnone size-full wp-image-693\" src=\"http:\/\/baldios.pt\/pt\/wp-content\/uploads\/THUN-3d-3.jpg\" alt=\"THUN 3d-3\" width=\"1800\" height=\"1800\" srcset=\"https:\/\/baldios.pt\/pt\/wp-content\/uploads\/THUN-3d-3.jpg 1800w, https:\/\/baldios.pt\/pt\/wp-content\/uploads\/THUN-3d-3-600x600.jpg 600w, https:\/\/baldios.pt\/pt\/wp-content\/uploads\/THUN-3d-3-900x900.jpg 900w, https:\/\/baldios.pt\/pt\/wp-content\/uploads\/THUN-3d-3-768x768.jpg 768w, https:\/\/baldios.pt\/pt\/wp-content\/uploads\/THUN-3d-3-1024x1024.jpg 1024w, https:\/\/baldios.pt\/pt\/wp-content\/uploads\/THUN-3d-3-150x150.jpg 150w\" sizes=\"(max-width: 1800px) 100vw, 1800px\" \/><\/p>\n<p><img loading=\"lazy\" class=\"alignnone size-full wp-image-696\" src=\"http:\/\/baldios.pt\/pt\/wp-content\/uploads\/THUN-3d-6.jpg\" alt=\"THUN 3d-6\" width=\"1800\" height=\"1800\" srcset=\"https:\/\/baldios.pt\/pt\/wp-content\/uploads\/THUN-3d-6.jpg 1800w, https:\/\/baldios.pt\/pt\/wp-content\/uploads\/THUN-3d-6-600x600.jpg 600w, https:\/\/baldios.pt\/pt\/wp-content\/uploads\/THUN-3d-6-900x900.jpg 900w, https:\/\/baldios.pt\/pt\/wp-content\/uploads\/THUN-3d-6-768x768.jpg 768w, https:\/\/baldios.pt\/pt\/wp-content\/uploads\/THUN-3d-6-1024x1024.jpg 1024w, https:\/\/baldios.pt\/pt\/wp-content\/uploads\/THUN-3d-6-150x150.jpg 150w\" sizes=\"(max-width: 1800px) 100vw, 1800px\" \/> <img loading=\"lazy\" class=\"alignnone size-full wp-image-695\" src=\"http:\/\/baldios.pt\/pt\/wp-content\/uploads\/THUN-3d-5.jpg\" alt=\"THUN 3d-5\" width=\"1800\" height=\"1800\" srcset=\"https:\/\/baldios.pt\/pt\/wp-content\/uploads\/THUN-3d-5.jpg 1800w, https:\/\/baldios.pt\/pt\/wp-content\/uploads\/THUN-3d-5-600x600.jpg 600w, https:\/\/baldios.pt\/pt\/wp-content\/uploads\/THUN-3d-5-900x900.jpg 900w, https:\/\/baldios.pt\/pt\/wp-content\/uploads\/THUN-3d-5-768x768.jpg 768w, https:\/\/baldios.pt\/pt\/wp-content\/uploads\/THUN-3d-5-1024x1024.jpg 1024w, https:\/\/baldios.pt\/pt\/wp-content\/uploads\/THUN-3d-5-150x150.jpg 150w\" sizes=\"(max-width: 1800px) 100vw, 1800px\" \/> <img loading=\"lazy\" class=\"alignnone size-full wp-image-694\" src=\"http:\/\/baldios.pt\/pt\/wp-content\/uploads\/THUN-3d-4.jpg\" alt=\"THUN 3d-4\" width=\"1800\" height=\"1800\" srcset=\"https:\/\/baldios.pt\/pt\/wp-content\/uploads\/THUN-3d-4.jpg 1800w, https:\/\/baldios.pt\/pt\/wp-content\/uploads\/THUN-3d-4-600x600.jpg 600w, https:\/\/baldios.pt\/pt\/wp-content\/uploads\/THUN-3d-4-900x900.jpg 900w, https:\/\/baldios.pt\/pt\/wp-content\/uploads\/THUN-3d-4-768x768.jpg 768w, https:\/\/baldios.pt\/pt\/wp-content\/uploads\/THUN-3d-4-1024x1024.jpg 1024w, https:\/\/baldios.pt\/pt\/wp-content\/uploads\/THUN-3d-4-150x150.jpg 150w\" sizes=\"(max-width: 1800px) 100vw, 1800px\" \/><\/p>\n<p><img loading=\"lazy\" class=\"alignnone size-full wp-image-691\" src=\"http:\/\/baldios.pt\/pt\/wp-content\/uploads\/THUN-3d-1.jpg\" alt=\"THUN 3d-1\" width=\"1800\" height=\"1800\" srcset=\"https:\/\/baldios.pt\/pt\/wp-content\/uploads\/THUN-3d-1.jpg 1800w, https:\/\/baldios.pt\/pt\/wp-content\/uploads\/THUN-3d-1-600x600.jpg 600w, https:\/\/baldios.pt\/pt\/wp-content\/uploads\/THUN-3d-1-900x900.jpg 900w, https:\/\/baldios.pt\/pt\/wp-content\/uploads\/THUN-3d-1-768x768.jpg 768w, https:\/\/baldios.pt\/pt\/wp-content\/uploads\/THUN-3d-1-1024x1024.jpg 1024w, https:\/\/baldios.pt\/pt\/wp-content\/uploads\/THUN-3d-1-150x150.jpg 150w\" sizes=\"(max-width: 1800px) 100vw, 1800px\" \/><img loading=\"lazy\" class=\"alignnone size-full wp-image-720\" src=\"http:\/\/baldios.pt\/pt\/wp-content\/uploads\/THUN_vegetation_schemes.png\" alt=\"THUN_vegetation_schemes\" width=\"1800\" height=\"1055\" srcset=\"https:\/\/baldios.pt\/pt\/wp-content\/uploads\/THUN_vegetation_schemes.png 1800w, https:\/\/baldios.pt\/pt\/wp-content\/uploads\/THUN_vegetation_schemes-900x528.png 900w, https:\/\/baldios.pt\/pt\/wp-content\/uploads\/THUN_vegetation_schemes-768x450.png 768w, https:\/\/baldios.pt\/pt\/wp-content\/uploads\/THUN_vegetation_schemes-1024x600.png 1024w, https:\/\/baldios.pt\/pt\/wp-content\/uploads\/THUN_vegetation_schemes-250x147.png 250w, https:\/\/baldios.pt\/pt\/wp-content\/uploads\/THUN_vegetation_schemes-150x88.png 150w\" sizes=\"(max-width: 1800px) 100vw, 1800px\" \/> <img loading=\"lazy\" class=\"alignnone size-full wp-image-764\" src=\"http:\/\/baldios.pt\/pt\/wp-content\/uploads\/ESQUEMAS_1.jpg\" alt=\"ESQUEMAS_1\" width=\"1800\" height=\"626\" srcset=\"https:\/\/baldios.pt\/pt\/wp-content\/uploads\/ESQUEMAS_1.jpg 1800w, https:\/\/baldios.pt\/pt\/wp-content\/uploads\/ESQUEMAS_1-900x313.jpg 900w, https:\/\/baldios.pt\/pt\/wp-content\/uploads\/ESQUEMAS_1-768x267.jpg 768w, https:\/\/baldios.pt\/pt\/wp-content\/uploads\/ESQUEMAS_1-1024x356.jpg 1024w, https:\/\/baldios.pt\/pt\/wp-content\/uploads\/ESQUEMAS_1-250x87.jpg 250w, https:\/\/baldios.pt\/pt\/wp-content\/uploads\/ESQUEMAS_1-150x52.jpg 150w\" sizes=\"(max-width: 1800px) 100vw, 1800px\" \/><img loading=\"lazy\" class=\"alignnone size-full wp-image-718\" src=\"http:\/\/baldios.pt\/pt\/wp-content\/uploads\/THUN_path_schemes.jpg\" alt=\"THUN_path_schemes\" width=\"1800\" height=\"493\" srcset=\"https:\/\/baldios.pt\/pt\/wp-content\/uploads\/THUN_path_schemes.jpg 1800w, https:\/\/baldios.pt\/pt\/wp-content\/uploads\/THUN_path_schemes-900x247.jpg 900w, https:\/\/baldios.pt\/pt\/wp-content\/uploads\/THUN_path_schemes-768x210.jpg 768w, https:\/\/baldios.pt\/pt\/wp-content\/uploads\/THUN_path_schemes-1024x280.jpg 1024w, https:\/\/baldios.pt\/pt\/wp-content\/uploads\/THUN_path_schemes-250x68.jpg 250w, https:\/\/baldios.pt\/pt\/wp-content\/uploads\/THUN_path_schemes-150x41.jpg 150w\" sizes=\"(max-width: 1800px) 100vw, 1800px\" \/><\/p>\n<p><img loading=\"lazy\" class=\"alignnone size-full wp-image-778\" src=\"http:\/\/baldios.pt\/pt\/wp-content\/uploads\/THUN-MAQUETE.jpg\" alt=\"THUN MAQUETE\" width=\"1800\" height=\"1200\" srcset=\"https:\/\/baldios.pt\/pt\/wp-content\/uploads\/THUN-MAQUETE.jpg 1800w, https:\/\/baldios.pt\/pt\/wp-content\/uploads\/THUN-MAQUETE-900x600.jpg 900w, https:\/\/baldios.pt\/pt\/wp-content\/uploads\/THUN-MAQUETE-768x512.jpg 768w, https:\/\/baldios.pt\/pt\/wp-content\/uploads\/THUN-MAQUETE-1024x683.jpg 1024w, https:\/\/baldios.pt\/pt\/wp-content\/uploads\/THUN-MAQUETE-225x150.jpg 225w, https:\/\/baldios.pt\/pt\/wp-content\/uploads\/THUN-MAQUETE-150x100.jpg 150w\" sizes=\"(max-width: 1800px) 100vw, 1800px\" \/><\/p>\n<p>&nbsp;<\/p>\n<p>&nbsp;<\/p>\n<p><strong>LANDSCAPE OF FINITUDE AND CONTINUITY<\/strong><\/p>\n<p><strong>Finitude<\/strong><\/p>\n<p>The cultural anthropological construction is inseparable of the relationship that man establishes with his own finitude. That is evident in most cultures since their primer. Paradoxically this finitude is intangible: we can never experience our own death. For this reason man has grounded <em>finitude<\/em> in a multitude of manifestations. Landscape is thus transformed to absorb this relationship whether to return the human body to the natural world or to try to overcome the natural condition of life. These manufactured landscapes of mourning, grief and celebration, such as cemeteries, necropolis, cities of the dead or crematorium deal with this anthropological demand to obtain a ground. This quest is intrinsically and fundamentally a human phenomenon.<\/p>\n<p>The search to obtain a relief in finitude has had, in numerous examples throughout Man\u2019s history, a literal evocation: the deformation of the ground itself to accommodate <em>finitude<\/em> whether in the Neolithic Chambers; or the Etruscan necropolis of Cervetery (700 B.C.); the Gamla Uppsala (6-7th century) in Sweden; in Birka (8th century), at the Island of Bj\u00f6rk\u00f6, also in Sweden; the P\u00e8re-Lachaise Cemetery in Paris; or even in the simplest of burials. The deformation of the natural landscape builds up a place where there was none. It marks a life, a story and absorbs the history of the community in the landscape.<\/p>\n<p>Our design distorts the ground to accommodate the space of the Crematorium. This tectonic deformation provides an interior and private space from the everyday practice of the outside world: a place within space. At the new level a place is set where exterior and interior merge in a common ground in the same way that the Neolithic Chambers or the Gamla Uppsala mounds are both landscape and architecture.<\/p>\n<p>&nbsp;<\/p>\n<p><strong>Continuity<\/strong><\/p>\n<p>Albeit the main focus of this place deals with events, there is an exterior realm that deals with the everyday life. The ordinary realm is ordained by its territory and landscape, infrastructures and economy, political and social environment.<\/p>\n<p>Our design mediates these two realms at the level of the Cemetery. The pathways and squares of the pre-existence cemetery extend onto the plot of the competition in such way that both new and old are intrinsically related and in symbioses. From this predetermined matrix that frames the building an axis is set, from west to east, which allows public access to the level of the Crematorium.<\/p>\n<p>&nbsp;<\/p>\n<p>&nbsp;<\/p>\n<p><em>type<\/em> open competition<\/p>\n<p><em>location<\/em> Thun, Switzerland<\/p>\n<p><em>project date<\/em> 2015<\/p>\n<p><em>client<\/em>\u00a0Stadt Thun, Thun<\/p>\n<p><em>area<\/em>\u00a01,5 ha<\/p>\n<p><em>autores\/authors<\/em> KWY +\u00a0BALDIOS arquitetos paisagistas<\/p>\n<p><em>KWY<\/em>\u00a0Ricardo Gomes and Luise Marter, Mara Nuyens, Frank Bauer<\/p>\n<p><em>BALDIOS arquitetos paisagistas<\/em> Armando Neves Ferreira, Catarina Raposo, Joana Marques, Pedro Gusm\u00e3o and Susana Fraz\u00e3o<\/p>\n<p><em>rendering<\/em>\u00a0KWY<\/p>\n","protected":false},"excerpt":{"rendered":"<p>CONCURSO PARA O NOVO CREMAT\u00d3RIO DE THUN-SCHOREN open competition for the new Crematorium of Thun-Schoren &nbsp; &nbsp; &nbsp; &nbsp; LANDSCAPE OF FINITUDE AND CONTINUITY Finitude The cultural anthropological construction is inseparable of the relationship that man establishes with his own finitude. That is evident in most cultures since their primer.\u2026 <a class=\"continue-reading-link\" href=\"https:\/\/baldios.pt\/pt\/projectos\/thun\/\">Continue reading<\/a><\/p>\n","protected":false},"author":1,"featured_media":0,"parent":67,"menu_order":0,"comment_status":"closed","ping_status":"closed","template":"","meta":[],"_links":{"self":[{"href":"https:\/\/baldios.pt\/pt\/wp-json\/wp\/v2\/pages\/684"}],"collection":[{"href":"https:\/\/baldios.pt\/pt\/wp-json\/wp\/v2\/pages"}],"about":[{"href":"https:\/\/baldios.pt\/pt\/wp-json\/wp\/v2\/types\/page"}],"author":[{"embeddable":true,"href":"https:\/\/baldios.pt\/pt\/wp-json\/wp\/v2\/users\/1"}],"replies":[{"embeddable":true,"href":"https:\/\/baldios.pt\/pt\/wp-json\/wp\/v2\/comments?post=684"}],"version-history":[{"count":29,"href":"https:\/\/baldios.pt\/pt\/wp-json\/wp\/v2\/pages\/684\/revisions"}],"predecessor-version":[{"id":987,"href":"https:\/\/baldios.pt\/pt\/wp-json\/wp\/v2\/pages\/684\/revisions\/987"}],"up":[{"embeddable":true,"href":"https:\/\/baldios.pt\/pt\/wp-json\/wp\/v2\/pages\/67"}],"wp:attachment":[{"href":"https:\/\/baldios.pt\/pt\/wp-json\/wp\/v2\/media?parent=684"}],"curies":[{"name":"wp","href":"https:\/\/api.w.org\/{rel}","templated":true}]}}