{"id":50,"date":"2014-02-08T13:12:53","date_gmt":"2014-02-08T13:12:53","guid":{"rendered":"http:\/\/baldios.pt\/pt\/?page_id=50"},"modified":"2017-01-26T14:41:47","modified_gmt":"2017-01-26T14:41:47","slug":"wrw","status":"publish","type":"page","link":"https:\/\/baldios.pt\/pt\/projectos\/wrw\/","title":{"rendered":"GARDEN MUSEUM IN WARSAW"},"content":{"rendered":"<p><strong>CONCURSO PARA O MUSEU-JARDIM DO S\u00c9CULO 21 . VARS\u00d3VIA, POL\u00d3NIA<br \/>\n<\/strong><em> competition for the 21st century garden museum . warsaw, poland<\/em><\/p>\n<p>&nbsp;<\/p>\n<p><img loading=\"lazy\" class=\"alignnone size-full wp-image-978\" src=\"http:\/\/baldios.pt\/pt\/wp-content\/uploads\/WARSAW_PB_cruz.jpg\" alt=\"\" width=\"1800\" height=\"900\" srcset=\"https:\/\/baldios.pt\/pt\/wp-content\/uploads\/WARSAW_PB_cruz.jpg 1800w, https:\/\/baldios.pt\/pt\/wp-content\/uploads\/WARSAW_PB_cruz-900x450.jpg 900w, https:\/\/baldios.pt\/pt\/wp-content\/uploads\/WARSAW_PB_cruz-768x384.jpg 768w, https:\/\/baldios.pt\/pt\/wp-content\/uploads\/WARSAW_PB_cruz-1024x512.jpg 1024w, https:\/\/baldios.pt\/pt\/wp-content\/uploads\/WARSAW_PB_cruz-250x125.jpg 250w, https:\/\/baldios.pt\/pt\/wp-content\/uploads\/WARSAW_PB_cruz-150x75.jpg 150w\" sizes=\"(max-width: 1800px) 100vw, 1800px\" \/><\/p>\n<p><img loading=\"lazy\" class=\"alignnone size-full wp-image-171\" src=\"http:\/\/baldios.pt\/pt\/wp-content\/uploads\/render2.jpg\" alt=\"render2\" width=\"1800\" height=\"691\" srcset=\"https:\/\/baldios.pt\/pt\/wp-content\/uploads\/render2.jpg 1800w, https:\/\/baldios.pt\/pt\/wp-content\/uploads\/render2-900x345.jpg 900w, https:\/\/baldios.pt\/pt\/wp-content\/uploads\/render2-1024x393.jpg 1024w, https:\/\/baldios.pt\/pt\/wp-content\/uploads\/render2-250x95.jpg 250w, https:\/\/baldios.pt\/pt\/wp-content\/uploads\/render2-150x57.jpg 150w\" sizes=\"(max-width: 1800px) 100vw, 1800px\" \/><\/p>\n<p><img loading=\"lazy\" class=\"alignnone size-full wp-image-163\" src=\"http:\/\/baldios.pt\/pt\/wp-content\/uploads\/conjunto.jpg\" alt=\"conjunto\" width=\"1800\" height=\"1149\" srcset=\"https:\/\/baldios.pt\/pt\/wp-content\/uploads\/conjunto.jpg 1800w, https:\/\/baldios.pt\/pt\/wp-content\/uploads\/conjunto-900x574.jpg 900w, https:\/\/baldios.pt\/pt\/wp-content\/uploads\/conjunto-1024x653.jpg 1024w, https:\/\/baldios.pt\/pt\/wp-content\/uploads\/conjunto-234x150.jpg 234w, https:\/\/baldios.pt\/pt\/wp-content\/uploads\/conjunto-150x95.jpg 150w\" sizes=\"(max-width: 1800px) 100vw, 1800px\" \/><\/p>\n<p><img loading=\"lazy\" class=\"alignnone size-full wp-image-169\" src=\"http:\/\/baldios.pt\/pt\/wp-content\/uploads\/plano-geral.jpg\" alt=\"plano geral\" width=\"1800\" height=\"621\" srcset=\"https:\/\/baldios.pt\/pt\/wp-content\/uploads\/plano-geral.jpg 1800w, https:\/\/baldios.pt\/pt\/wp-content\/uploads\/plano-geral-900x310.jpg 900w, https:\/\/baldios.pt\/pt\/wp-content\/uploads\/plano-geral-1024x353.jpg 1024w, https:\/\/baldios.pt\/pt\/wp-content\/uploads\/plano-geral-250x86.jpg 250w, https:\/\/baldios.pt\/pt\/wp-content\/uploads\/plano-geral-150x51.jpg 150w\" sizes=\"(max-width: 1800px) 100vw, 1800px\" \/><\/p>\n<p><img loading=\"lazy\" class=\"alignnone size-full wp-image-168\" src=\"http:\/\/baldios.pt\/pt\/wp-content\/uploads\/esquema-parque.jpg\" alt=\"esquema parque\" width=\"1800\" height=\"959\" srcset=\"https:\/\/baldios.pt\/pt\/wp-content\/uploads\/esquema-parque.jpg 1800w, https:\/\/baldios.pt\/pt\/wp-content\/uploads\/esquema-parque-900x479.jpg 900w, https:\/\/baldios.pt\/pt\/wp-content\/uploads\/esquema-parque-1024x545.jpg 1024w, https:\/\/baldios.pt\/pt\/wp-content\/uploads\/esquema-parque-250x133.jpg 250w, https:\/\/baldios.pt\/pt\/wp-content\/uploads\/esquema-parque-150x79.jpg 150w\" sizes=\"(max-width: 1800px) 100vw, 1800px\" \/><\/p>\n<p><img loading=\"lazy\" class=\"alignnone size-full wp-image-167\" src=\"http:\/\/baldios.pt\/pt\/wp-content\/uploads\/esquema.jpg\" alt=\"esquema\" width=\"1800\" height=\"1863\" srcset=\"https:\/\/baldios.pt\/pt\/wp-content\/uploads\/esquema.jpg 1800w, https:\/\/baldios.pt\/pt\/wp-content\/uploads\/esquema-579x600.jpg 579w, https:\/\/baldios.pt\/pt\/wp-content\/uploads\/esquema-869x900.jpg 869w, https:\/\/baldios.pt\/pt\/wp-content\/uploads\/esquema-989x1024.jpg 989w, https:\/\/baldios.pt\/pt\/wp-content\/uploads\/esquema-144x150.jpg 144w\" sizes=\"(max-width: 1800px) 100vw, 1800px\" \/><\/p>\n<p><img loading=\"lazy\" class=\"alignnone size-full wp-image-164\" src=\"http:\/\/baldios.pt\/pt\/wp-content\/uploads\/corte1.jpg\" alt=\"corte1\" width=\"1800\" height=\"556\" srcset=\"https:\/\/baldios.pt\/pt\/wp-content\/uploads\/corte1.jpg 1800w, https:\/\/baldios.pt\/pt\/wp-content\/uploads\/corte1-900x278.jpg 900w, https:\/\/baldios.pt\/pt\/wp-content\/uploads\/corte1-1024x316.jpg 1024w, https:\/\/baldios.pt\/pt\/wp-content\/uploads\/corte1-250x77.jpg 250w, https:\/\/baldios.pt\/pt\/wp-content\/uploads\/corte1-150x46.jpg 150w\" sizes=\"(max-width: 1800px) 100vw, 1800px\" \/><\/p>\n<p><img loading=\"lazy\" class=\"alignnone size-full wp-image-165\" src=\"http:\/\/baldios.pt\/pt\/wp-content\/uploads\/corte2.jpg\" alt=\"corte2\" width=\"1800\" height=\"595\" srcset=\"https:\/\/baldios.pt\/pt\/wp-content\/uploads\/corte2.jpg 1800w, https:\/\/baldios.pt\/pt\/wp-content\/uploads\/corte2-900x297.jpg 900w, https:\/\/baldios.pt\/pt\/wp-content\/uploads\/corte2-1024x338.jpg 1024w, https:\/\/baldios.pt\/pt\/wp-content\/uploads\/corte2-250x82.jpg 250w, https:\/\/baldios.pt\/pt\/wp-content\/uploads\/corte2-150x49.jpg 150w\" sizes=\"(max-width: 1800px) 100vw, 1800px\" \/><\/p>\n<p><img loading=\"lazy\" class=\"alignnone size-full wp-image-166\" src=\"http:\/\/baldios.pt\/pt\/wp-content\/uploads\/corte3.jpg\" alt=\"corte3\" width=\"1800\" height=\"578\" srcset=\"https:\/\/baldios.pt\/pt\/wp-content\/uploads\/corte3.jpg 1800w, https:\/\/baldios.pt\/pt\/wp-content\/uploads\/corte3-900x289.jpg 900w, https:\/\/baldios.pt\/pt\/wp-content\/uploads\/corte3-1024x328.jpg 1024w, https:\/\/baldios.pt\/pt\/wp-content\/uploads\/corte3-250x80.jpg 250w, https:\/\/baldios.pt\/pt\/wp-content\/uploads\/corte3-150x48.jpg 150w\" sizes=\"(max-width: 1800px) 100vw, 1800px\" \/><\/p>\n<p><img loading=\"lazy\" class=\"alignnone size-full wp-image-172\" src=\"http:\/\/baldios.pt\/pt\/wp-content\/uploads\/render3.jpg\" alt=\"render3\" width=\"1800\" height=\"698\" srcset=\"https:\/\/baldios.pt\/pt\/wp-content\/uploads\/render3.jpg 1800w, https:\/\/baldios.pt\/pt\/wp-content\/uploads\/render3-900x349.jpg 900w, https:\/\/baldios.pt\/pt\/wp-content\/uploads\/render3-1024x397.jpg 1024w, https:\/\/baldios.pt\/pt\/wp-content\/uploads\/render3-250x96.jpg 250w, https:\/\/baldios.pt\/pt\/wp-content\/uploads\/render3-150x58.jpg 150w\" sizes=\"(max-width: 1800px) 100vw, 1800px\" \/><\/p>\n<p><img loading=\"lazy\" class=\"alignnone size-full wp-image-170\" src=\"http:\/\/baldios.pt\/pt\/wp-content\/uploads\/render1.jpg\" alt=\"render1\" width=\"1800\" height=\"697\" srcset=\"https:\/\/baldios.pt\/pt\/wp-content\/uploads\/render1.jpg 1800w, https:\/\/baldios.pt\/pt\/wp-content\/uploads\/render1-900x348.jpg 900w, https:\/\/baldios.pt\/pt\/wp-content\/uploads\/render1-1024x396.jpg 1024w, https:\/\/baldios.pt\/pt\/wp-content\/uploads\/render1-250x96.jpg 250w, https:\/\/baldios.pt\/pt\/wp-content\/uploads\/render1-150x58.jpg 150w\" sizes=\"(max-width: 1800px) 100vw, 1800px\" \/><\/p>\n<p>&nbsp;<\/p>\n<p><strong>Landscape as Museum as Landscape or Landscape as a Work of Art <\/strong><\/p>\n<p>The revelation of the new landscape proposes the garden as museum, where the ecotypes are, in one hand, a living work of art and, in the other, museologic spaces where the frontiers between interior and exterior, museum and garden subtlety vanish. The Landscape is the Museum, and the Museum is the Landscape.<\/p>\n<p>The proposal questions the notion of landscape as scenery and gives it a responsibility in the construction of the museologic space. The landscape has not only an active role in the museum activities but it is also a natural extension of the interior space. To reinforce the garden\u2019s role in the museum, a set of sculptures, artist interventions and other happenings, ephemeral or permanent, occupy different sites of the garden. The upper and lower paths, the connections between them and the connections with the pavilion, unfold around these interventions. The sculptures once settled will begin interacting with the flora and fauna defining them as landscapes deviations.<\/p>\n<p>The Landscape, just as a work of art, is subject to interpretation and discussion. Moreover, it constitutes and supports educational and ecological values. Ecological because the complex, water based natural structure promotes bioclimatic solutions, for the interior as well as the exterior dwelling. Educational because the established local natural landscape systems promote a set of natural assets and, in addition, it demonstrates Man\u2019s intrinsic ability to generate, transform, and explore the world, in a true symbiosis. The landscape is an instrument which Mankind, by Interfering with its systems, can manipulate to generate grounds for complex structures that allow settling and thriving independently and can create new realities.<\/p>\n<p>&nbsp;<\/p>\n<p><em>type<\/em> Restricted Competition<em><br \/>\n<\/em><\/p>\n<p><em>location <\/em>Warsaw, Poland<\/p>\n<p><em>project date<\/em> 2013<\/p>\n<p><em>client<\/em> Royal \u0141azienki Museum in Warsaw<\/p>\n<p><em>area<\/em> 2,5 hectares<\/p>\n<p>&nbsp;<\/p>\n<p><em>autores\/authors<\/em> Pedro Campos Costa Arquitectos + Global Arquitectura Paisagista + BALDIOS arquitectos paisagistas<\/p>\n<p><em>campos costa arquitectos<\/em> Pedro Campos Costa, Eduardo Costa Pinto, Daniela Figueiredo, Gon\u00e7alo Pacheco, Emanuel Diogo, Dora Jerbi\u0107, Mariona Gorgori\u00f3, Nuno Pereira<\/p>\n<p><em>global arquitectura paisagista<\/em> Jo\u00e3o Gomes da Silva<\/p>\n<p><em>BALDIOS arquitectos paisagistas<\/em> Armando Neves Ferreira, Catarina Raposo, Joana Marques, Pedro Gusm\u00e3o<\/p>\n<p><em>partners in poland<\/em> PAG Pracownia Architektury G\u0142owacki (Tomasz G\u0142owacki)<\/p>\n<p><em>rendering<\/em> 4+Arquitectos<\/p>\n","protected":false},"excerpt":{"rendered":"<p>CONCURSO PARA O MUSEU-JARDIM DO S\u00c9CULO 21 . VARS\u00d3VIA, POL\u00d3NIA competition for the 21st century garden museum . warsaw, poland &nbsp; &nbsp; Landscape as Museum as Landscape or Landscape as a Work of Art The revelation of the new landscape proposes the garden as museum, where the ecotypes are, in\u2026 <a class=\"continue-reading-link\" href=\"https:\/\/baldios.pt\/pt\/projectos\/wrw\/\">Continue reading<\/a><\/p>\n","protected":false},"author":1,"featured_media":0,"parent":67,"menu_order":0,"comment_status":"closed","ping_status":"closed","template":"","meta":[],"_links":{"self":[{"href":"https:\/\/baldios.pt\/pt\/wp-json\/wp\/v2\/pages\/50"}],"collection":[{"href":"https:\/\/baldios.pt\/pt\/wp-json\/wp\/v2\/pages"}],"about":[{"href":"https:\/\/baldios.pt\/pt\/wp-json\/wp\/v2\/types\/page"}],"author":[{"embeddable":true,"href":"https:\/\/baldios.pt\/pt\/wp-json\/wp\/v2\/users\/1"}],"replies":[{"embeddable":true,"href":"https:\/\/baldios.pt\/pt\/wp-json\/wp\/v2\/comments?post=50"}],"version-history":[{"count":25,"href":"https:\/\/baldios.pt\/pt\/wp-json\/wp\/v2\/pages\/50\/revisions"}],"predecessor-version":[{"id":984,"href":"https:\/\/baldios.pt\/pt\/wp-json\/wp\/v2\/pages\/50\/revisions\/984"}],"up":[{"embeddable":true,"href":"https:\/\/baldios.pt\/pt\/wp-json\/wp\/v2\/pages\/67"}],"wp:attachment":[{"href":"https:\/\/baldios.pt\/pt\/wp-json\/wp\/v2\/media?parent=50"}],"curies":[{"name":"wp","href":"https:\/\/api.w.org\/{rel}","templated":true}]}}