{"id":48,"date":"2014-02-08T13:12:29","date_gmt":"2014-02-08T13:12:29","guid":{"rendered":"http:\/\/baldios.pt\/pt\/?page_id=48"},"modified":"2017-01-26T14:51:49","modified_gmt":"2017-01-26T14:51:49","slug":"zoo","status":"publish","type":"page","link":"https:\/\/baldios.pt\/pt\/projectos\/zoo\/","title":{"rendered":"ZOOLOGICAL GARDEN"},"content":{"rendered":"<p><strong>PROJECTO DE REQUALIFICA\u00c7\u00c3O DO JARDIM ZOOL\u00d3GICO DA CIDADE DE HUAMBO [1\u00aa FASE]<\/strong><strong> . HUAMBO, ANGOLA<br \/>\n<\/strong><em>requalification\u00a0project\u00a0of the zoological garden of the city of huambo [1st phase] . huambo, angola<\/em><\/p>\n<p>&nbsp;<\/p>\n<p><img loading=\"lazy\" class=\"alignnone size-full wp-image-990\" src=\"http:\/\/baldios.pt\/pt\/wp-content\/uploads\/ZOO1_PB_cruz.jpg\" alt=\"\" width=\"1500\" height=\"723\" srcset=\"https:\/\/baldios.pt\/pt\/wp-content\/uploads\/ZOO1_PB_cruz.jpg 1500w, https:\/\/baldios.pt\/pt\/wp-content\/uploads\/ZOO1_PB_cruz-900x434.jpg 900w, https:\/\/baldios.pt\/pt\/wp-content\/uploads\/ZOO1_PB_cruz-768x370.jpg 768w, https:\/\/baldios.pt\/pt\/wp-content\/uploads\/ZOO1_PB_cruz-1024x494.jpg 1024w, https:\/\/baldios.pt\/pt\/wp-content\/uploads\/ZOO1_PB_cruz-250x121.jpg 250w, https:\/\/baldios.pt\/pt\/wp-content\/uploads\/ZOO1_PB_cruz-150x72.jpg 150w\" sizes=\"(max-width: 1500px) 100vw, 1500px\" \/><\/p>\n<p><img loading=\"lazy\" class=\"alignnone size-full wp-image-370\" src=\"http:\/\/baldios.pt\/pt\/wp-content\/uploads\/ZOO2_W.jpg\" alt=\"ZOO2_W\" width=\"1800\" height=\"1200\" srcset=\"https:\/\/baldios.pt\/pt\/wp-content\/uploads\/ZOO2_W.jpg 1800w, https:\/\/baldios.pt\/pt\/wp-content\/uploads\/ZOO2_W-900x600.jpg 900w, https:\/\/baldios.pt\/pt\/wp-content\/uploads\/ZOO2_W-1024x682.jpg 1024w, https:\/\/baldios.pt\/pt\/wp-content\/uploads\/ZOO2_W-225x150.jpg 225w, https:\/\/baldios.pt\/pt\/wp-content\/uploads\/ZOO2_W-150x100.jpg 150w\" sizes=\"(max-width: 1800px) 100vw, 1800px\" \/><\/p>\n<p><img loading=\"lazy\" class=\"alignnone size-full wp-image-392\" src=\"http:\/\/baldios.pt\/pt\/wp-content\/uploads\/ZOO_FOTO1.jpg\" alt=\"ZOO_FOTO1\" width=\"1800\" height=\"1350\" srcset=\"https:\/\/baldios.pt\/pt\/wp-content\/uploads\/ZOO_FOTO1.jpg 1800w, https:\/\/baldios.pt\/pt\/wp-content\/uploads\/ZOO_FOTO1-800x600.jpg 800w, https:\/\/baldios.pt\/pt\/wp-content\/uploads\/ZOO_FOTO1-900x675.jpg 900w, https:\/\/baldios.pt\/pt\/wp-content\/uploads\/ZOO_FOTO1-1024x768.jpg 1024w, https:\/\/baldios.pt\/pt\/wp-content\/uploads\/ZOO_FOTO1-200x150.jpg 200w, https:\/\/baldios.pt\/pt\/wp-content\/uploads\/ZOO_FOTO1-150x112.jpg 150w\" sizes=\"(max-width: 1800px) 100vw, 1800px\" \/>\u00a0 <img loading=\"lazy\" class=\"alignnone size-full wp-image-393\" src=\"http:\/\/baldios.pt\/pt\/wp-content\/uploads\/ZOO_FOTO2.jpg\" alt=\"ZOO_FOTO2\" width=\"1800\" height=\"1350\" srcset=\"https:\/\/baldios.pt\/pt\/wp-content\/uploads\/ZOO_FOTO2.jpg 1800w, https:\/\/baldios.pt\/pt\/wp-content\/uploads\/ZOO_FOTO2-800x600.jpg 800w, https:\/\/baldios.pt\/pt\/wp-content\/uploads\/ZOO_FOTO2-900x675.jpg 900w, https:\/\/baldios.pt\/pt\/wp-content\/uploads\/ZOO_FOTO2-1024x768.jpg 1024w, https:\/\/baldios.pt\/pt\/wp-content\/uploads\/ZOO_FOTO2-200x150.jpg 200w, https:\/\/baldios.pt\/pt\/wp-content\/uploads\/ZOO_FOTO2-150x112.jpg 150w\" sizes=\"(max-width: 1800px) 100vw, 1800px\" \/><\/p>\n<p><img loading=\"lazy\" class=\"alignnone size-full wp-image-394\" src=\"http:\/\/baldios.pt\/pt\/wp-content\/uploads\/ZOO_FOTO3.jpg\" alt=\"ZOO_FOTO3\" width=\"1800\" height=\"1350\" srcset=\"https:\/\/baldios.pt\/pt\/wp-content\/uploads\/ZOO_FOTO3.jpg 1800w, https:\/\/baldios.pt\/pt\/wp-content\/uploads\/ZOO_FOTO3-800x600.jpg 800w, https:\/\/baldios.pt\/pt\/wp-content\/uploads\/ZOO_FOTO3-900x675.jpg 900w, https:\/\/baldios.pt\/pt\/wp-content\/uploads\/ZOO_FOTO3-1024x768.jpg 1024w, https:\/\/baldios.pt\/pt\/wp-content\/uploads\/ZOO_FOTO3-200x150.jpg 200w, https:\/\/baldios.pt\/pt\/wp-content\/uploads\/ZOO_FOTO3-150x112.jpg 150w\" sizes=\"(max-width: 1800px) 100vw, 1800px\" \/><\/p>\n<p><img loading=\"lazy\" class=\"alignnone wp-image-363\" src=\"http:\/\/baldios.pt\/pt\/wp-content\/uploads\/ZOO6_bx.jpg\" alt=\"ZOO6_bx\" width=\"1800\" height=\"505\" srcset=\"https:\/\/baldios.pt\/pt\/wp-content\/uploads\/ZOO6_bx.jpg 1800w, https:\/\/baldios.pt\/pt\/wp-content\/uploads\/ZOO6_bx-900x252.jpg 900w, https:\/\/baldios.pt\/pt\/wp-content\/uploads\/ZOO6_bx-1024x287.jpg 1024w, https:\/\/baldios.pt\/pt\/wp-content\/uploads\/ZOO6_bx-250x70.jpg 250w, https:\/\/baldios.pt\/pt\/wp-content\/uploads\/ZOO6_bx-150x42.jpg 150w\" sizes=\"(max-width: 1800px) 100vw, 1800px\" \/><\/p>\n<p><img loading=\"lazy\" class=\"alignnone size-full wp-image-387\" src=\"http:\/\/baldios.pt\/pt\/wp-content\/uploads\/ZOO5.jpg\" alt=\"ZOO5\" width=\"1800\" height=\"1609\" srcset=\"https:\/\/baldios.pt\/pt\/wp-content\/uploads\/ZOO5.jpg 1800w, https:\/\/baldios.pt\/pt\/wp-content\/uploads\/ZOO5-671x600.jpg 671w, https:\/\/baldios.pt\/pt\/wp-content\/uploads\/ZOO5-900x804.jpg 900w, https:\/\/baldios.pt\/pt\/wp-content\/uploads\/ZOO5-1024x915.jpg 1024w, https:\/\/baldios.pt\/pt\/wp-content\/uploads\/ZOO5-167x150.jpg 167w, https:\/\/baldios.pt\/pt\/wp-content\/uploads\/ZOO5-150x134.jpg 150w\" sizes=\"(max-width: 1800px) 100vw, 1800px\" \/><\/p>\n<p><img loading=\"lazy\" class=\"alignnone size-full wp-image-385\" src=\"http:\/\/baldios.pt\/pt\/wp-content\/uploads\/ZOO_M1.jpg\" alt=\"ZOO_M1\" width=\"1800\" height=\"1350\" srcset=\"https:\/\/baldios.pt\/pt\/wp-content\/uploads\/ZOO_M1.jpg 1800w, https:\/\/baldios.pt\/pt\/wp-content\/uploads\/ZOO_M1-800x600.jpg 800w, https:\/\/baldios.pt\/pt\/wp-content\/uploads\/ZOO_M1-900x675.jpg 900w, https:\/\/baldios.pt\/pt\/wp-content\/uploads\/ZOO_M1-1024x768.jpg 1024w, https:\/\/baldios.pt\/pt\/wp-content\/uploads\/ZOO_M1-200x150.jpg 200w, https:\/\/baldios.pt\/pt\/wp-content\/uploads\/ZOO_M1-150x112.jpg 150w\" sizes=\"(max-width: 1800px) 100vw, 1800px\" \/><\/p>\n<p><img loading=\"lazy\" class=\"alignnone size-full wp-image-386\" src=\"http:\/\/baldios.pt\/pt\/wp-content\/uploads\/ZOO_M2.jpg\" alt=\"ZOO__M2\" width=\"1800\" height=\"1115\" srcset=\"https:\/\/baldios.pt\/pt\/wp-content\/uploads\/ZOO_M2.jpg 1800w, https:\/\/baldios.pt\/pt\/wp-content\/uploads\/ZOO_M2-900x557.jpg 900w, https:\/\/baldios.pt\/pt\/wp-content\/uploads\/ZOO_M2-1024x634.jpg 1024w, https:\/\/baldios.pt\/pt\/wp-content\/uploads\/ZOO_M2-242x150.jpg 242w, https:\/\/baldios.pt\/pt\/wp-content\/uploads\/ZOO_M2-150x92.jpg 150w\" sizes=\"(max-width: 1800px) 100vw, 1800px\" \/><\/p>\n<p><img loading=\"lazy\" class=\"alignnone size-full wp-image-390\" src=\"http:\/\/baldios.pt\/pt\/wp-content\/uploads\/ZOO4.jpg\" alt=\"ZOO4\" width=\"1200\" height=\"900\" srcset=\"https:\/\/baldios.pt\/pt\/wp-content\/uploads\/ZOO4.jpg 1200w, https:\/\/baldios.pt\/pt\/wp-content\/uploads\/ZOO4-800x600.jpg 800w, https:\/\/baldios.pt\/pt\/wp-content\/uploads\/ZOO4-900x675.jpg 900w, https:\/\/baldios.pt\/pt\/wp-content\/uploads\/ZOO4-1024x768.jpg 1024w, https:\/\/baldios.pt\/pt\/wp-content\/uploads\/ZOO4-200x150.jpg 200w, https:\/\/baldios.pt\/pt\/wp-content\/uploads\/ZOO4-150x112.jpg 150w\" sizes=\"(max-width: 1200px) 100vw, 1200px\" \/><\/p>\n<p><img loading=\"lazy\" class=\"alignnone size-full wp-image-400\" src=\"http:\/\/baldios.pt\/pt\/wp-content\/uploads\/ZOO_CRT.jpg\" alt=\"ZOO_CRT\" width=\"1800\" height=\"937\" srcset=\"https:\/\/baldios.pt\/pt\/wp-content\/uploads\/ZOO_CRT.jpg 1800w, https:\/\/baldios.pt\/pt\/wp-content\/uploads\/ZOO_CRT-900x468.jpg 900w, https:\/\/baldios.pt\/pt\/wp-content\/uploads\/ZOO_CRT-1024x533.jpg 1024w, https:\/\/baldios.pt\/pt\/wp-content\/uploads\/ZOO_CRT-250x130.jpg 250w, https:\/\/baldios.pt\/pt\/wp-content\/uploads\/ZOO_CRT-150x78.jpg 150w\" sizes=\"(max-width: 1800px) 100vw, 1800px\" \/><\/p>\n<p>&nbsp;<\/p>\n<p>&nbsp;<\/p>\n<p><em>type <\/em>comission<\/p>\n<p><em>location <\/em>Cidade de Huambo, Angola<\/p>\n<p><em>project date<\/em> 2012-13<\/p>\n<p><em>client<\/em> Governo Provincial de Huambo<\/p>\n<p><em>area<\/em> 27 hectares<\/p>\n<p>&nbsp;<\/p>\n<p><em>autores\/authors<\/em> BALDIOS Arquitectos Paisagistas<\/p>\n<p><em>BALDIOS arquitectos paisagistas<\/em> Armando Neves Ferreira, Catarina Raposo, Joana Marques, Pedro Gusm\u00e3o<\/p>\n<p><em>consultor externo\/external consultant<\/em> Jo\u00e3o Gomes da Silva (colaboration of Rita Rodrigues)<\/p>\n<p><em>arquitectura\/architecture<\/em> Jos\u00e9 Parreira<\/p>\n<p><em>economia\/economy<\/em> Tomaz Dentinho [Universidade dos A\u00e7ores]<\/p>\n<p><em>biologia e veterin\u00e1ria\/biology and veterinary<\/em> Universidade dos A\u00e7ores<\/p>\n<p><em>estruturas\/infrastructure<\/em> TPF Planege<\/p>\n<p><em>hidr\u00e1ulica, saneamento, \u00e1guas e esgotos\/hidraulics, water and sewage<\/em> TPF Planege<\/p>\n","protected":false},"excerpt":{"rendered":"<p>PROJECTO DE REQUALIFICA\u00c7\u00c3O DO JARDIM ZOOL\u00d3GICO DA CIDADE DE HUAMBO [1\u00aa FASE] . HUAMBO, ANGOLA requalification\u00a0project\u00a0of the zoological garden of the city of huambo [1st phase] . huambo, angola &nbsp; \u00a0 &nbsp; &nbsp; type comission location Cidade de Huambo, Angola project date 2012-13 client Governo Provincial de Huambo area 27\u2026 <a class=\"continue-reading-link\" href=\"https:\/\/baldios.pt\/pt\/projectos\/zoo\/\">Continue reading<\/a><\/p>\n","protected":false},"author":1,"featured_media":0,"parent":67,"menu_order":0,"comment_status":"closed","ping_status":"closed","template":"","meta":[],"_links":{"self":[{"href":"https:\/\/baldios.pt\/pt\/wp-json\/wp\/v2\/pages\/48"}],"collection":[{"href":"https:\/\/baldios.pt\/pt\/wp-json\/wp\/v2\/pages"}],"about":[{"href":"https:\/\/baldios.pt\/pt\/wp-json\/wp\/v2\/types\/page"}],"author":[{"embeddable":true,"href":"https:\/\/baldios.pt\/pt\/wp-json\/wp\/v2\/users\/1"}],"replies":[{"embeddable":true,"href":"https:\/\/baldios.pt\/pt\/wp-json\/wp\/v2\/comments?post=48"}],"version-history":[{"count":28,"href":"https:\/\/baldios.pt\/pt\/wp-json\/wp\/v2\/pages\/48\/revisions"}],"predecessor-version":[{"id":992,"href":"https:\/\/baldios.pt\/pt\/wp-json\/wp\/v2\/pages\/48\/revisions\/992"}],"up":[{"embeddable":true,"href":"https:\/\/baldios.pt\/pt\/wp-json\/wp\/v2\/pages\/67"}],"wp:attachment":[{"href":"https:\/\/baldios.pt\/pt\/wp-json\/wp\/v2\/media?parent=48"}],"curies":[{"name":"wp","href":"https:\/\/api.w.org\/{rel}","templated":true}]}}