{"id":46,"date":"2014-02-08T13:11:30","date_gmt":"2014-02-08T13:11:30","guid":{"rendered":"http:\/\/baldios.pt\/pt\/?page_id=46"},"modified":"2016-04-19T22:57:58","modified_gmt":"2016-04-19T22:57:58","slug":"sbe","status":"publish","type":"page","link":"https:\/\/baldios.pt\/pt\/projectos\/sbe\/","title":{"rendered":"NOVA&#8217;S SCHOOL OF BUSINESS AND ECONOMICS"},"content":{"rendered":"<p><strong>CONCURSO PARA A SCHOOL OF BUSINESS AND ECONOMICS DA UNIVERSIDADE NOVA [1\u00ba PR\u00c9MIO] . CARCAVELOS, CASCAIS<br \/>\n<\/strong><em>competition for the Universidade Nova&#8217;s School of Business and Economics [1st prize] . Carcavelos, Cascais<br \/>\n<\/em><strong><br \/>\n<\/strong><\/p>\n<p><img loading=\"lazy\" class=\"alignnone size-full wp-image-461\" src=\"http:\/\/baldios.pt\/pt\/wp-content\/uploads\/SBE1.jpg\" alt=\"SBE1\" width=\"1000\" height=\"750\" srcset=\"https:\/\/baldios.pt\/pt\/wp-content\/uploads\/SBE1.jpg 1000w, https:\/\/baldios.pt\/pt\/wp-content\/uploads\/SBE1-800x600.jpg 800w, https:\/\/baldios.pt\/pt\/wp-content\/uploads\/SBE1-900x675.jpg 900w, https:\/\/baldios.pt\/pt\/wp-content\/uploads\/SBE1-200x150.jpg 200w, https:\/\/baldios.pt\/pt\/wp-content\/uploads\/SBE1-150x112.jpg 150w\" sizes=\"(max-width: 1000px) 100vw, 1000px\" \/><\/p>\n<p style=\"text-align: right;\">\u00a0from the AML . <em><span id=\"SearchResultControl1_LabelRow8\" class=\"styleTextoInfoDarkBold\"><span class=\"styleTextoTitulo\">Forte de S\u00e3o Juli\u00e3o da Barra<\/span><\/span><\/em> <span style=\"color: #000000;\">por Ant\u00f3nio Passaporte<\/span>. <span id=\"SearchResultControl1_LabelRow8\" class=\"styleTextoInfoDarkBold\"><span class=\"styleTextoCodRef\">PT\/AMLSB\/PAS\/000570<\/span><\/span><\/p>\n<p>&nbsp;<\/p>\n<p><em>type <\/em>invited competition<\/p>\n<p><em>location <\/em>Carcavelos, Cascais<\/p>\n<p><em>project date<\/em> 2013<\/p>\n<p><em>client<\/em> Universidade Nova<\/p>\n<p><em>area<\/em> 10 hectares<\/p>\n<p>&nbsp;<\/p>\n<p><em>autores\/authors<\/em> Global Arquitectura Paisagista +Vitor Carvalho Ara\u00fajo Arquitectos + Tetractys Arquitectos<\/p>\n<p><em><em>Global arquitectura paisagista<\/em> <\/em>Jo\u00e3o Gomes da Silva, Hugo Guiomar<\/p>\n<p><em>BALDIOS arquitectos paisagistas<\/em> Armando Neves Ferreira, Catarina Raposo, Joana Marques, Pedro Gusm\u00e3o<\/p>\n<p><em>arquitectura<\/em> Ant\u00f3nio Barreiros Ferreira e Vitor Carvalho Ara\u00fajo<\/p>\n<p><em>estruturas, saneamento, \u00e1guas e esgotos\/<em>infrastructure, <\/em>water and sewage <\/em>GRID Consultas, Estudos e Projectos de Engenharia<em><br \/>\n<\/em><\/p>\n","protected":false},"excerpt":{"rendered":"<p>CONCURSO PARA A SCHOOL OF BUSINESS AND ECONOMICS DA UNIVERSIDADE NOVA [1\u00ba PR\u00c9MIO] . CARCAVELOS, CASCAIS competition for the Universidade Nova&#8217;s School of Business and Economics [1st prize] . Carcavelos, Cascais \u00a0from the AML . Forte de S\u00e3o Juli\u00e3o da Barra por Ant\u00f3nio Passaporte. PT\/AMLSB\/PAS\/000570 &nbsp; type invited competition location\u2026 <a class=\"continue-reading-link\" href=\"https:\/\/baldios.pt\/pt\/projectos\/sbe\/\">Continue reading<\/a><\/p>\n","protected":false},"author":1,"featured_media":0,"parent":67,"menu_order":0,"comment_status":"closed","ping_status":"closed","template":"","meta":[],"_links":{"self":[{"href":"https:\/\/baldios.pt\/pt\/wp-json\/wp\/v2\/pages\/46"}],"collection":[{"href":"https:\/\/baldios.pt\/pt\/wp-json\/wp\/v2\/pages"}],"about":[{"href":"https:\/\/baldios.pt\/pt\/wp-json\/wp\/v2\/types\/page"}],"author":[{"embeddable":true,"href":"https:\/\/baldios.pt\/pt\/wp-json\/wp\/v2\/users\/1"}],"replies":[{"embeddable":true,"href":"https:\/\/baldios.pt\/pt\/wp-json\/wp\/v2\/comments?post=46"}],"version-history":[{"count":12,"href":"https:\/\/baldios.pt\/pt\/wp-json\/wp\/v2\/pages\/46\/revisions"}],"predecessor-version":[{"id":783,"href":"https:\/\/baldios.pt\/pt\/wp-json\/wp\/v2\/pages\/46\/revisions\/783"}],"up":[{"embeddable":true,"href":"https:\/\/baldios.pt\/pt\/wp-json\/wp\/v2\/pages\/67"}],"wp:attachment":[{"href":"https:\/\/baldios.pt\/pt\/wp-json\/wp\/v2\/media?parent=46"}],"curies":[{"name":"wp","href":"https:\/\/api.w.org\/{rel}","templated":true}]}}