{"id":44,"date":"2014-02-08T13:11:04","date_gmt":"2014-02-08T13:11:04","guid":{"rendered":"http:\/\/baldios.pt\/pt\/?page_id=44"},"modified":"2018-11-30T10:56:39","modified_gmt":"2018-11-30T10:56:39","slug":"hrt","status":"publish","type":"page","link":"https:\/\/baldios.pt\/pt\/projectos\/hrt\/","title":{"rendered":"HORTA&#8217;S WATERFRONT"},"content":{"rendered":"<p><strong>REQUALIFICA\u00c7\u00c3O DA FRENTE DE MAR DA CIDADE DA HORTA <\/strong><strong>[MEN\u00c7\u00c3O HONROSA] . HORTA, ILHA DO FAIAL<br \/>\n<\/strong><em>requalification for the horta&#8217;s\u00a0waterfront\u00a0 [special mention<!-- @page { margin: 2cm } P { margin-bottom: 0.21cm } -->] . horta, faial island<\/em><\/p>\n<p>&nbsp;<\/p>\n<p><img loading=\"lazy\" class=\"alignnone size-full wp-image-979\" src=\"http:\/\/baldios.pt\/pt\/wp-content\/uploads\/HORTA1_cruz.jpg\" alt=\"\" width=\"1500\" height=\"977\" srcset=\"https:\/\/baldios.pt\/pt\/wp-content\/uploads\/HORTA1_cruz.jpg 1500w, https:\/\/baldios.pt\/pt\/wp-content\/uploads\/HORTA1_cruz-900x586.jpg 900w, https:\/\/baldios.pt\/pt\/wp-content\/uploads\/HORTA1_cruz-768x500.jpg 768w, https:\/\/baldios.pt\/pt\/wp-content\/uploads\/HORTA1_cruz-1024x667.jpg 1024w, https:\/\/baldios.pt\/pt\/wp-content\/uploads\/HORTA1_cruz-230x150.jpg 230w, https:\/\/baldios.pt\/pt\/wp-content\/uploads\/HORTA1_cruz-150x98.jpg 150w\" sizes=\"(max-width: 1500px) 100vw, 1500px\" \/><\/p>\n<p><img loading=\"lazy\" class=\"alignnone size-full wp-image-317\" src=\"http:\/\/baldios.pt\/pt\/wp-content\/uploads\/HORTA2.jpg\" alt=\"HORTA2\" width=\"1800\" height=\"1405\" srcset=\"https:\/\/baldios.pt\/pt\/wp-content\/uploads\/HORTA2.jpg 1800w, https:\/\/baldios.pt\/pt\/wp-content\/uploads\/HORTA2-768x600.jpg 768w, https:\/\/baldios.pt\/pt\/wp-content\/uploads\/HORTA2-900x702.jpg 900w, https:\/\/baldios.pt\/pt\/wp-content\/uploads\/HORTA2-1024x799.jpg 1024w, https:\/\/baldios.pt\/pt\/wp-content\/uploads\/HORTA2-192x150.jpg 192w, https:\/\/baldios.pt\/pt\/wp-content\/uploads\/HORTA2-150x117.jpg 150w\" sizes=\"(max-width: 1800px) 100vw, 1800px\" \/><\/p>\n<p><img loading=\"lazy\" class=\"alignnone size-full wp-image-318\" src=\"http:\/\/baldios.pt\/pt\/wp-content\/uploads\/HORTA3.jpg\" alt=\"Layout1\" width=\"1800\" height=\"1272\" srcset=\"https:\/\/baldios.pt\/pt\/wp-content\/uploads\/HORTA3.jpg 1800w, https:\/\/baldios.pt\/pt\/wp-content\/uploads\/HORTA3-849x600.jpg 849w, https:\/\/baldios.pt\/pt\/wp-content\/uploads\/HORTA3-900x636.jpg 900w, https:\/\/baldios.pt\/pt\/wp-content\/uploads\/HORTA3-1024x723.jpg 1024w, https:\/\/baldios.pt\/pt\/wp-content\/uploads\/HORTA3-212x150.jpg 212w, https:\/\/baldios.pt\/pt\/wp-content\/uploads\/HORTA3-150x106.jpg 150w\" sizes=\"(max-width: 1800px) 100vw, 1800px\" \/><\/p>\n<p><img loading=\"lazy\" class=\"alignnone size-full wp-image-319\" src=\"http:\/\/baldios.pt\/pt\/wp-content\/uploads\/HORTA4.jpg\" alt=\"PAINEL 4\" width=\"1800\" height=\"2049\" srcset=\"https:\/\/baldios.pt\/pt\/wp-content\/uploads\/HORTA4.jpg 1800w, https:\/\/baldios.pt\/pt\/wp-content\/uploads\/HORTA4-527x600.jpg 527w, https:\/\/baldios.pt\/pt\/wp-content\/uploads\/HORTA4-790x900.jpg 790w, https:\/\/baldios.pt\/pt\/wp-content\/uploads\/HORTA4-899x1024.jpg 899w, https:\/\/baldios.pt\/pt\/wp-content\/uploads\/HORTA4-131x150.jpg 131w\" sizes=\"(max-width: 1800px) 100vw, 1800px\" \/><\/p>\n<p><img loading=\"lazy\" class=\"alignnone size-full wp-image-320\" src=\"http:\/\/baldios.pt\/pt\/wp-content\/uploads\/HORTA5.jpg\" alt=\"HORTA5\" width=\"1800\" height=\"671\" srcset=\"https:\/\/baldios.pt\/pt\/wp-content\/uploads\/HORTA5.jpg 1800w, https:\/\/baldios.pt\/pt\/wp-content\/uploads\/HORTA5-900x335.jpg 900w, https:\/\/baldios.pt\/pt\/wp-content\/uploads\/HORTA5-1024x381.jpg 1024w, https:\/\/baldios.pt\/pt\/wp-content\/uploads\/HORTA5-250x93.jpg 250w, https:\/\/baldios.pt\/pt\/wp-content\/uploads\/HORTA5-150x55.jpg 150w\" sizes=\"(max-width: 1800px) 100vw, 1800px\" \/><\/p>\n<p><img loading=\"lazy\" class=\"alignnone size-full wp-image-321\" src=\"http:\/\/baldios.pt\/pt\/wp-content\/uploads\/HORTA6.jpg\" alt=\"PAINEL 5\" width=\"1800\" height=\"1417\" srcset=\"https:\/\/baldios.pt\/pt\/wp-content\/uploads\/HORTA6.jpg 1800w, https:\/\/baldios.pt\/pt\/wp-content\/uploads\/HORTA6-762x600.jpg 762w, https:\/\/baldios.pt\/pt\/wp-content\/uploads\/HORTA6-900x708.jpg 900w, https:\/\/baldios.pt\/pt\/wp-content\/uploads\/HORTA6-1024x806.jpg 1024w, https:\/\/baldios.pt\/pt\/wp-content\/uploads\/HORTA6-190x150.jpg 190w, https:\/\/baldios.pt\/pt\/wp-content\/uploads\/HORTA6-150x118.jpg 150w\" sizes=\"(max-width: 1800px) 100vw, 1800px\" \/><\/p>\n<p><img loading=\"lazy\" class=\"alignnone size-full wp-image-322\" src=\"http:\/\/baldios.pt\/pt\/wp-content\/uploads\/HORTA7.jpg\" alt=\"HORTA7\" width=\"1800\" height=\"488\" srcset=\"https:\/\/baldios.pt\/pt\/wp-content\/uploads\/HORTA7.jpg 1800w, https:\/\/baldios.pt\/pt\/wp-content\/uploads\/HORTA7-900x244.jpg 900w, https:\/\/baldios.pt\/pt\/wp-content\/uploads\/HORTA7-1024x277.jpg 1024w, https:\/\/baldios.pt\/pt\/wp-content\/uploads\/HORTA7-250x67.jpg 250w, https:\/\/baldios.pt\/pt\/wp-content\/uploads\/HORTA7-150x40.jpg 150w\" sizes=\"(max-width: 1800px) 100vw, 1800px\" \/><\/p>\n<p><img loading=\"lazy\" class=\"alignnone size-full wp-image-328\" src=\"http:\/\/baldios.pt\/pt\/wp-content\/uploads\/HORTA-8.jpg\" alt=\"HORTA8\" width=\"1800\" height=\"3476\" srcset=\"https:\/\/baldios.pt\/pt\/wp-content\/uploads\/HORTA-8.jpg 1800w, https:\/\/baldios.pt\/pt\/wp-content\/uploads\/HORTA-8-310x600.jpg 310w, https:\/\/baldios.pt\/pt\/wp-content\/uploads\/HORTA-8-466x900.jpg 466w, https:\/\/baldios.pt\/pt\/wp-content\/uploads\/HORTA-8-530x1024.jpg 530w, https:\/\/baldios.pt\/pt\/wp-content\/uploads\/HORTA-8-77x150.jpg 77w\" sizes=\"(max-width: 1800px) 100vw, 1800px\" \/><\/p>\n<p><img loading=\"lazy\" class=\"alignnone size-full wp-image-324\" src=\"http:\/\/baldios.pt\/pt\/wp-content\/uploads\/HORTA9.jpg\" alt=\"PAINEL 5\" width=\"1800\" height=\"400\" srcset=\"https:\/\/baldios.pt\/pt\/wp-content\/uploads\/HORTA9.jpg 1800w, https:\/\/baldios.pt\/pt\/wp-content\/uploads\/HORTA9-900x200.jpg 900w, https:\/\/baldios.pt\/pt\/wp-content\/uploads\/HORTA9-1024x227.jpg 1024w, https:\/\/baldios.pt\/pt\/wp-content\/uploads\/HORTA9-250x55.jpg 250w, https:\/\/baldios.pt\/pt\/wp-content\/uploads\/HORTA9-150x33.jpg 150w\" sizes=\"(max-width: 1800px) 100vw, 1800px\" \/><\/p>\n<p><img loading=\"lazy\" class=\"alignnone size-full wp-image-325\" src=\"http:\/\/baldios.pt\/pt\/wp-content\/uploads\/HORTA10.jpg\" alt=\"HORTA10\" width=\"1800\" height=\"767\" srcset=\"https:\/\/baldios.pt\/pt\/wp-content\/uploads\/HORTA10.jpg 1800w, https:\/\/baldios.pt\/pt\/wp-content\/uploads\/HORTA10-900x383.jpg 900w, https:\/\/baldios.pt\/pt\/wp-content\/uploads\/HORTA10-1024x436.jpg 1024w, https:\/\/baldios.pt\/pt\/wp-content\/uploads\/HORTA10-250x106.jpg 250w, https:\/\/baldios.pt\/pt\/wp-content\/uploads\/HORTA10-150x63.jpg 150w\" sizes=\"(max-width: 1800px) 100vw, 1800px\" \/><\/p>\n<p><img loading=\"lazy\" class=\"alignnone size-full wp-image-326\" src=\"http:\/\/baldios.pt\/pt\/wp-content\/uploads\/HORTA11.jpg\" alt=\"PAINEL 7\" width=\"1800\" height=\"1392\" srcset=\"https:\/\/baldios.pt\/pt\/wp-content\/uploads\/HORTA11.jpg 1800w, https:\/\/baldios.pt\/pt\/wp-content\/uploads\/HORTA11-775x600.jpg 775w, https:\/\/baldios.pt\/pt\/wp-content\/uploads\/HORTA11-900x696.jpg 900w, https:\/\/baldios.pt\/pt\/wp-content\/uploads\/HORTA11-1024x791.jpg 1024w, https:\/\/baldios.pt\/pt\/wp-content\/uploads\/HORTA11-193x150.jpg 193w, https:\/\/baldios.pt\/pt\/wp-content\/uploads\/HORTA11-150x116.jpg 150w\" sizes=\"(max-width: 1800px) 100vw, 1800px\" \/><\/p>\n<p><img loading=\"lazy\" class=\"alignnone size-full wp-image-327\" src=\"http:\/\/baldios.pt\/pt\/wp-content\/uploads\/HORTA12.jpg\" alt=\"HORTA12\" width=\"1800\" height=\"949\" srcset=\"https:\/\/baldios.pt\/pt\/wp-content\/uploads\/HORTA12.jpg 1800w, https:\/\/baldios.pt\/pt\/wp-content\/uploads\/HORTA12-900x474.jpg 900w, https:\/\/baldios.pt\/pt\/wp-content\/uploads\/HORTA12-1024x539.jpg 1024w, https:\/\/baldios.pt\/pt\/wp-content\/uploads\/HORTA12-250x131.jpg 250w, https:\/\/baldios.pt\/pt\/wp-content\/uploads\/HORTA12-150x79.jpg 150w\" sizes=\"(max-width: 1800px) 100vw, 1800px\" \/><\/p>\n<p>&nbsp;<\/p>\n<p><em>type<\/em> open competition<em><br \/>\n<\/em><\/p>\n<p><em>location <\/em>Horta, Ilha do Faial, Portugal<\/p>\n<p><em>project date<\/em> 2013<\/p>\n<p><em>client<\/em> C\u00e2mara Municipal da Cidade da Horta<\/p>\n<p><em>area<\/em> 23,1 hectares<\/p>\n<p>&nbsp;<\/p>\n<p><em>autores\/authors<\/em> Global Arquitectura Paisagista + BALDIOS Arquitetos Paisagistas + Paulo David<\/p>\n<p><em><em>global arquitectura paisagista<\/em> <\/em>Jo\u00e3o Gomes da Silva<\/p>\n<p><em>BALDIOS arquitetos paisagistas<\/em> Armando Neves Ferreira, Catarina Raposo, Joana Marques, Pedro Gusm\u00e3o, Hugo Guiomar<\/p>\n<p><em>paulo david arquitectos<\/em> Paulo David, Jo\u00e3o Almeida, Luis Spranger<\/p>\n<p><em>urbanismo e mobilidade\/urbanismo and mobility<\/em> Ant\u00f3nio Pedro Figueiredo [Espa\u00e7o &amp; Desenvolvimento \u2013 Estudos e Projectos, Lda]<\/p>\n<p><em>economia\/economy<\/em> Gon\u00e7alo Faria<\/p>\n<p><em>estruturas\/infrastructure<\/em> Ant\u00f3nio Ad\u00e3o da Fonseca e Ant\u00f3nio Pimentel Ad\u00e3o da Fonseca [Ad\u00e3o da Fonseca, Engenheiros Consultores]<\/p>\n<p><em>saneamento, \u00e1guas e esgotos\/water and sewage<\/em> Rita Mendes [TPF Planege]<\/p>\n<p><em>ambiente\/environment<\/em> Daniel Moura<\/p>\n<p><em>tr\u00e1fego e transporte\/traffic and transportations<\/em> Marta Andrade<\/p>\n<p><em>jurista\/judicial consulting<\/em> Alfredo Soares<\/p>\n<p><em>renderings<\/em> Paulo Alcobia<\/p>\n","protected":false},"excerpt":{"rendered":"<p>REQUALIFICA\u00c7\u00c3O DA FRENTE DE MAR DA CIDADE DA HORTA [MEN\u00c7\u00c3O HONROSA] . HORTA, ILHA DO FAIAL requalification for the horta&#8217;s\u00a0waterfront\u00a0 [special mention] . horta, faial island &nbsp; &nbsp; type open competition location Horta, Ilha do Faial, Portugal project date 2013 client C\u00e2mara Municipal da Cidade da Horta area 23,1 hectares\u2026 <a class=\"continue-reading-link\" href=\"https:\/\/baldios.pt\/pt\/projectos\/hrt\/\">Continue reading<\/a><\/p>\n","protected":false},"author":1,"featured_media":0,"parent":67,"menu_order":0,"comment_status":"closed","ping_status":"closed","template":"","meta":[],"_links":{"self":[{"href":"https:\/\/baldios.pt\/pt\/wp-json\/wp\/v2\/pages\/44"}],"collection":[{"href":"https:\/\/baldios.pt\/pt\/wp-json\/wp\/v2\/pages"}],"about":[{"href":"https:\/\/baldios.pt\/pt\/wp-json\/wp\/v2\/types\/page"}],"author":[{"embeddable":true,"href":"https:\/\/baldios.pt\/pt\/wp-json\/wp\/v2\/users\/1"}],"replies":[{"embeddable":true,"href":"https:\/\/baldios.pt\/pt\/wp-json\/wp\/v2\/comments?post=44"}],"version-history":[{"count":26,"href":"https:\/\/baldios.pt\/pt\/wp-json\/wp\/v2\/pages\/44\/revisions"}],"predecessor-version":[{"id":1233,"href":"https:\/\/baldios.pt\/pt\/wp-json\/wp\/v2\/pages\/44\/revisions\/1233"}],"up":[{"embeddable":true,"href":"https:\/\/baldios.pt\/pt\/wp-json\/wp\/v2\/pages\/67"}],"wp:attachment":[{"href":"https:\/\/baldios.pt\/pt\/wp-json\/wp\/v2\/media?parent=44"}],"curies":[{"name":"wp","href":"https:\/\/api.w.org\/{rel}","templated":true}]}}