{"id":1281,"date":"2020-05-21T22:44:27","date_gmt":"2020-05-21T22:44:27","guid":{"rendered":"http:\/\/baldios.pt\/pt\/?page_id=1281"},"modified":"2022-11-28T15:09:51","modified_gmt":"2022-11-28T15:09:51","slug":"candidaturas","status":"publish","type":"page","link":"https:\/\/baldios.pt\/pt\/candidaturas\/","title":{"rendered":"CANDIDATURAS"},"content":{"rendered":"<div class=\"\">\n<div class=\"\">\n<p class=\"\"><strong><img loading=\"lazy\" class=\"aligncenter wp-image-1284 size-full\" src=\"http:\/\/baldios.pt\/pt\/wp-content\/uploads\/PT-AMLSB-CMLSBAH-PCSP-004-LIM-001649.jpg\" alt=\"\" width=\"2048\" height=\"1464\" srcset=\"https:\/\/baldios.pt\/pt\/wp-content\/uploads\/PT-AMLSB-CMLSBAH-PCSP-004-LIM-001649.jpg 2048w, https:\/\/baldios.pt\/pt\/wp-content\/uploads\/PT-AMLSB-CMLSBAH-PCSP-004-LIM-001649-839x600.jpg 839w, https:\/\/baldios.pt\/pt\/wp-content\/uploads\/PT-AMLSB-CMLSBAH-PCSP-004-LIM-001649-900x643.jpg 900w, https:\/\/baldios.pt\/pt\/wp-content\/uploads\/PT-AMLSB-CMLSBAH-PCSP-004-LIM-001649-768x549.jpg 768w, https:\/\/baldios.pt\/pt\/wp-content\/uploads\/PT-AMLSB-CMLSBAH-PCSP-004-LIM-001649-1024x732.jpg 1024w, https:\/\/baldios.pt\/pt\/wp-content\/uploads\/PT-AMLSB-CMLSBAH-PCSP-004-LIM-001649-210x150.jpg 210w, https:\/\/baldios.pt\/pt\/wp-content\/uploads\/PT-AMLSB-CMLSBAH-PCSP-004-LIM-001649-150x107.jpg 150w\" sizes=\"(max-width: 2048px) 100vw, 2048px\" \/><\/strong><\/p>\n<\/div>\n<p style=\"text-align: right;\"><em>\u00a0<\/em><\/p>\n<div class=\"\">\n<p><strong>ARQUITECTO PAISAGISTA<\/strong><\/p>\n<p>Estamos \u00e0 procura de candidatos com 3-5 anos de experi\u00eancia de trabalho para um lugar a tempo inteiro. Os candidatos ser\u00e3o respons\u00e1veis pela gest\u00e3o de projectos de diferentes escalas, desde a concep\u00e7\u00e3o \u00e0 constru\u00e7\u00e3o, tanto integrado em equipa como de forma independente.<\/p>\n<p>Dever\u00e1 possuir muito bons conhecimentos de AutoCAD, e bom dom\u00ednio do\u00a0Adobe Creative Suite (Photoshop, Illustrator e In Design) e \u00a0Office (Word e Excel). Conhecimento de Rhino 3D poder\u00e1 ser uma vantagem.<\/p>\n<p>Muito bom portugu\u00eas falado e escrito \u00e9 essencial. O conhecimento de ingl\u00eas, franc\u00eas ou outras l\u00ednguas pode ser uma vantagem.<\/p>\n<p>Envie curr\u00edculo e portef\u00f3lio (PDF, 10Mb no m\u00e1ximo) para\u00a0<strong class=\"western\">work@baldios.pt<\/strong> (com a posi\u00e7\u00e3o a que se candidata no assunto do email) e diga porque porque est\u00e1 interessado em integrar a nossa equipa.<\/p>\n<p align=\"RIGHT\"><em class=\"western\"><span style=\"color: #000000;\">LANDSCAPE ARCHITECT<\/span><\/em><\/p>\n<p align=\"RIGHT\"><em class=\"western\"><span style=\"color: #000000;\">We are looking for candidates with 3-5 years of working experience for a full time position. Landscape Architects are responsible for managing projects of different scales from design to construction, both within the studio team and independently.<\/span><\/em><\/p>\n<p align=\"RIGHT\"><em class=\"western\"><span style=\"color: #000000;\">Excellent proficiency in AutoCAD, and good command of Adobe Creative Suite (Photoshop, Illustrator and In Design), and Office (Word and Excel), knowledge of\u00a0Rhino 3D.<\/span><\/em><\/p>\n<p align=\"RIGHT\"><em class=\"western\"><span style=\"color: #000000;\">Very good spoken and written Portuguese is essential. Knowledge of\u00a0English, French or other languages can be an advantage.<\/span><\/em><\/p>\n<p align=\"RIGHT\"><em class=\"western\"><span style=\"color: #000000;\">Please send your CV and portfolio (PDF, maximum 10Mb)\u00a0to <\/span><\/em><strong class=\"western\"><span style=\"color: #000000;\">work@baldios.pt<\/span><\/strong><em class=\"western\"><span style=\"color: #000000;\"> (with the position you\u2019re applying to as the email subject) and let us know why you are interested in joining our studio.<\/span><\/em><\/p>\n<p class=\"\"><b class=\"\">CANDIDATURAS ESPONT\u00c2NEAS \/ UNSOLICITED APPLICATION<\/b><\/p>\n<p class=\"\">Se acha que o seu trabalho poder\u00e1 interessar-nos pode sempre enviar a sua candidaturas espont\u00e2neas mas n\u00e3o garantimos uma resposta a cada candidatura. Envie curr\u00edculo e portef\u00f3lio (PDF, 10Mb no m\u00e1ximo) para <strong><a class=\"\" href=\"mailto:work@baldios.pt\">work@baldios.pt<\/a><\/strong>.<\/p>\n<p class=\"\" style=\"text-align: right;\"><em>If your work might be of interest to our office we are glad to receive your unsolicited application. We can&#8217;t promise a response though. Please send your CV and portfolio (PDF, maximum 10Mb) to <strong><a class=\"\" href=\"mailto:work@baldios.pt\">work@baldios.pt<\/a><\/strong>.<\/em><\/p>\n<div class=\"text_exposed_show\">\n<p class=\"\"><b class=\"\">EST\u00c1GIOS \/ INTERNSHIPS<\/b><\/p>\n<p>Recebemos candidaturas espont\u00e2neas de estudantes ou arquitectos paisagistas rec\u00e9m licenciados com pouca experi\u00eancia profissional. Os estagi\u00e1rios ir\u00e3o trabalhar com uma equipa dando assist\u00eancia ao projecto desde a sua concep\u00e7\u00e3o \u00e0 pormenoriza\u00e7\u00e3o.<\/p>\n<p>Dever\u00e1 possuir muito bons conhecimentos de AutoCAD, e bom dom\u00ednio do\u00a0Adobe Creative Suite (Photoshop, Illustrator e In Design) e \u00a0Office (Word e Excel). Conhecimento de Rhino 3D poder\u00e1 ser uma vantagem.<\/p>\n<p>O est\u00e1gio dever\u00e1 ter a dura\u00e7\u00e3o de 6 meses de est\u00e1gio (m\u00ednimo).<\/p>\n<p>N\u00e3o aceitamos est\u00e1gios n\u00e3o remunerados. Candidatos com bolsas de estudo ou outras s\u00e3o bem-vindas e, se necess\u00e1rio, ser\u00e1 discutido um apoio complementar a analisar individualmente.<\/p>\n<p class=\"\">Envie curr\u00edculo e portef\u00f3lio (PDF, 10Mb no m\u00e1ximo) para\u00a0<strong><a class=\"\" href=\"mailto:work@baldios.pt\">work@baldios.pt<\/a><\/strong> (com a posi\u00e7\u00e3o a que se candidata no assunto do email) e diga porque porque est\u00e1 interessado em integrar a nossa equipa. Por favor inclua tamb\u00e9m quando poder\u00e1 come\u00e7ar e o per\u00edodo ideal de dura\u00e7\u00e3o. O per\u00edodo de candidaturas \u00e9 cont\u00ednuo.<\/p>\n<p class=\"\" style=\"text-align: right;\"><em>We are happy to receive internship applications from students or recently graduated landscape architects with limited professional experience. Interns work alongside the team assisting on a variety of tasks from design to construction.<\/em><\/p>\n<p class=\"\" style=\"text-align: right;\"><em>Proficiency in AutoCAD, and good command of Adobe Creative Suite (Photoshop, Illustrator and In Design), and Office (Word and Excel), knowledge of\u00a0Rhino 3D.<\/em><\/p>\n<p class=\"\" style=\"text-align: right;\"><em>Minimum of 6 months, please do not apply if you are looking for a shorter period.<\/em><\/p>\n<p style=\"text-align: right;\"><em>We do not accept unpaid internships. Scholarships and bursaries are welcome and a stipend will be discussed on an individual basis.<\/em><\/p>\n<p style=\"text-align: right;\"><em>Please send your CV and portfolio (PDF, maximum 10Mb) to\u00a0<strong><span class=\"\"><a class=\"\" href=\"mailto:work@baldios.pt\">work@baldios.pt<\/a><\/span>\u00a0<\/strong>(with the position you\u2019re applying to as the email subject) and let us know why you are interested in joining our studio.\u00a0Please also include your available starting time and ideal internship duration. Internship applications are ongoing.<\/em><\/p>\n<div><\/div>\n<div><\/div>\n<div><\/div>\n<div>\n<hr \/>\n<\/div>\n<div id=\"entry_13455837\" class=\"entry\"><\/div>\n<\/div>\n<\/div>\n<p style=\"text-align: right;\">image from the AML . <em>Escrit\u00f3rio<\/em> (1907)\u00a0by\u00a0Lima, Alberto Carlos . PT\/AMLSB\/CMLSBAH\/PCSP\/004\/LIM\/001649<\/p>\n<\/div>\n<div class=\"\">\n<div class=\"text_exposed_show\">\n<div id=\"entry_13455837\" class=\"entry\"><\/div>\n<\/div>\n<\/div>\n<div class=\"\">\n<div id=\"maincontainer\" class=\"bodycopy\">\n<div id=\"entry_13455837\" class=\"entry\"><\/div>\n<div class=\"project_bottom\"><span style=\"color: #000000;\">\u00a0<\/span><\/div>\n<\/div>\n<div id=\"item_84432\" class=\"pagecontainer\"><span style=\"color: #000000;\">\u00a0<\/span><\/div>\n<\/div>\n","protected":false},"excerpt":{"rendered":"<p>\u00a0 ARQUITECTO PAISAGISTA Estamos \u00e0 procura de candidatos com 3-5 anos de experi\u00eancia de trabalho para um lugar a tempo inteiro. Os candidatos ser\u00e3o respons\u00e1veis pela gest\u00e3o de projectos de diferentes escalas, desde a concep\u00e7\u00e3o \u00e0 constru\u00e7\u00e3o, tanto integrado em equipa como de forma independente. Dever\u00e1 possuir muito bons conhecimentos\u2026 <a class=\"continue-reading-link\" href=\"https:\/\/baldios.pt\/pt\/candidaturas\/\">Continue reading<\/a><\/p>\n","protected":false},"author":1,"featured_media":0,"parent":0,"menu_order":0,"comment_status":"closed","ping_status":"closed","template":"","meta":[],"_links":{"self":[{"href":"https:\/\/baldios.pt\/pt\/wp-json\/wp\/v2\/pages\/1281"}],"collection":[{"href":"https:\/\/baldios.pt\/pt\/wp-json\/wp\/v2\/pages"}],"about":[{"href":"https:\/\/baldios.pt\/pt\/wp-json\/wp\/v2\/types\/page"}],"author":[{"embeddable":true,"href":"https:\/\/baldios.pt\/pt\/wp-json\/wp\/v2\/users\/1"}],"replies":[{"embeddable":true,"href":"https:\/\/baldios.pt\/pt\/wp-json\/wp\/v2\/comments?post=1281"}],"version-history":[{"count":29,"href":"https:\/\/baldios.pt\/pt\/wp-json\/wp\/v2\/pages\/1281\/revisions"}],"predecessor-version":[{"id":1472,"href":"https:\/\/baldios.pt\/pt\/wp-json\/wp\/v2\/pages\/1281\/revisions\/1472"}],"wp:attachment":[{"href":"https:\/\/baldios.pt\/pt\/wp-json\/wp\/v2\/media?parent=1281"}],"curies":[{"name":"wp","href":"https:\/\/api.w.org\/{rel}","templated":true}]}}