{"id":1122,"date":"2018-03-07T22:31:08","date_gmt":"2018-03-07T22:31:08","guid":{"rendered":"http:\/\/baldios.pt\/pt\/?page_id=1122"},"modified":"2018-11-30T10:55:32","modified_gmt":"2018-11-30T10:55:32","slug":"new-cyprus-museum","status":"publish","type":"page","link":"https:\/\/baldios.pt\/pt\/projectos\/new-cyprus-museum\/","title":{"rendered":"NEW CYPRUS MUSEUM"},"content":{"rendered":"<p><strong>CONCURSO PARA O NOVO MUSEU DO CHIPRE [seleccionado para a 2\u00aa fase]. NICOSIA<br \/>\n<\/strong><em>design competition for the New Cyprus Museum [selected for 2nd stage]. nicosia<br \/>\n<\/em><\/p>\n<p><img loading=\"lazy\" class=\"alignnone size-medium wp-image-1123\" src=\"http:\/\/baldios.pt\/pt\/wp-content\/uploads\/imagem-aerea-900x495.png\" alt=\"\" width=\"900\" height=\"495\" srcset=\"https:\/\/baldios.pt\/pt\/wp-content\/uploads\/imagem-aerea-900x495.png 900w, https:\/\/baldios.pt\/pt\/wp-content\/uploads\/imagem-aerea-768x422.png 768w, https:\/\/baldios.pt\/pt\/wp-content\/uploads\/imagem-aerea-250x138.png 250w, https:\/\/baldios.pt\/pt\/wp-content\/uploads\/imagem-aerea-150x83.png 150w, https:\/\/baldios.pt\/pt\/wp-content\/uploads\/imagem-aerea.png 1000w\" sizes=\"(max-width: 900px) 100vw, 900px\" \/><\/p>\n<p><img loading=\"lazy\" class=\"alignnone size-medium wp-image-1142\" src=\"http:\/\/baldios.pt\/pt\/wp-content\/uploads\/Foto-Aerea-F-900x691.png\" alt=\"\" width=\"900\" height=\"691\" srcset=\"https:\/\/baldios.pt\/pt\/wp-content\/uploads\/Foto-Aerea-F.png 900w, https:\/\/baldios.pt\/pt\/wp-content\/uploads\/Foto-Aerea-F-781x600.png 781w, https:\/\/baldios.pt\/pt\/wp-content\/uploads\/Foto-Aerea-F-768x590.png 768w, https:\/\/baldios.pt\/pt\/wp-content\/uploads\/Foto-Aerea-F-195x150.png 195w, https:\/\/baldios.pt\/pt\/wp-content\/uploads\/Foto-Aerea-F-150x115.png 150w\" sizes=\"(max-width: 900px) 100vw, 900px\" \/><\/p>\n<p><img loading=\"lazy\" class=\"alignnone size-medium wp-image-1125\" src=\"http:\/\/baldios.pt\/pt\/wp-content\/uploads\/foto-aerea-02-900x392.png\" alt=\"\" width=\"900\" height=\"392\" srcset=\"https:\/\/baldios.pt\/pt\/wp-content\/uploads\/foto-aerea-02-900x392.png 900w, https:\/\/baldios.pt\/pt\/wp-content\/uploads\/foto-aerea-02-768x334.png 768w, https:\/\/baldios.pt\/pt\/wp-content\/uploads\/foto-aerea-02-1024x446.png 1024w, https:\/\/baldios.pt\/pt\/wp-content\/uploads\/foto-aerea-02-250x109.png 250w, https:\/\/baldios.pt\/pt\/wp-content\/uploads\/foto-aerea-02-150x65.png 150w, https:\/\/baldios.pt\/pt\/wp-content\/uploads\/foto-aerea-02.png 1100w\" sizes=\"(max-width: 900px) 100vw, 900px\" \/><\/p>\n<p><img loading=\"lazy\" class=\"alignnone size-medium wp-image-1157\" src=\"http:\/\/baldios.pt\/pt\/wp-content\/uploads\/planta-geral_02-900x669.png\" alt=\"\" width=\"900\" height=\"669\" srcset=\"https:\/\/baldios.pt\/pt\/wp-content\/uploads\/planta-geral_02.png 900w, https:\/\/baldios.pt\/pt\/wp-content\/uploads\/planta-geral_02-807x600.png 807w, https:\/\/baldios.pt\/pt\/wp-content\/uploads\/planta-geral_02-768x571.png 768w, https:\/\/baldios.pt\/pt\/wp-content\/uploads\/planta-geral_02-202x150.png 202w, https:\/\/baldios.pt\/pt\/wp-content\/uploads\/planta-geral_02-150x112.png 150w\" sizes=\"(max-width: 900px) 100vw, 900px\" \/><\/p>\n<p><img loading=\"lazy\" class=\"alignnone size-medium wp-image-1136\" src=\"http:\/\/baldios.pt\/pt\/wp-content\/uploads\/01F-900x439.png\" alt=\"\" width=\"900\" height=\"439\" srcset=\"https:\/\/baldios.pt\/pt\/wp-content\/uploads\/01F-900x439.png 900w, https:\/\/baldios.pt\/pt\/wp-content\/uploads\/01F-768x374.png 768w, https:\/\/baldios.pt\/pt\/wp-content\/uploads\/01F-1024x499.png 1024w, https:\/\/baldios.pt\/pt\/wp-content\/uploads\/01F-250x122.png 250w, https:\/\/baldios.pt\/pt\/wp-content\/uploads\/01F-150x73.png 150w, https:\/\/baldios.pt\/pt\/wp-content\/uploads\/01F.png 1200w\" sizes=\"(max-width: 900px) 100vw, 900px\" \/><\/p>\n<p><img loading=\"lazy\" class=\"alignnone size-medium wp-image-1127\" src=\"http:\/\/baldios.pt\/pt\/wp-content\/uploads\/01-900x58.jpg\" alt=\"\" width=\"900\" height=\"58\" srcset=\"https:\/\/baldios.pt\/pt\/wp-content\/uploads\/01-900x58.jpg 900w, https:\/\/baldios.pt\/pt\/wp-content\/uploads\/01-768x50.jpg 768w, https:\/\/baldios.pt\/pt\/wp-content\/uploads\/01-1024x66.jpg 1024w, https:\/\/baldios.pt\/pt\/wp-content\/uploads\/01-250x16.jpg 250w, https:\/\/baldios.pt\/pt\/wp-content\/uploads\/01-150x10.jpg 150w\" sizes=\"(max-width: 900px) 100vw, 900px\" \/><\/p>\n<p><img loading=\"lazy\" class=\"alignnone size-medium wp-image-1140\" src=\"http:\/\/baldios.pt\/pt\/wp-content\/uploads\/03F-1-900x665.png\" alt=\"\" width=\"900\" height=\"665\" srcset=\"https:\/\/baldios.pt\/pt\/wp-content\/uploads\/03F-1.png 900w, https:\/\/baldios.pt\/pt\/wp-content\/uploads\/03F-1-812x600.png 812w, https:\/\/baldios.pt\/pt\/wp-content\/uploads\/03F-1-768x567.png 768w, https:\/\/baldios.pt\/pt\/wp-content\/uploads\/03F-1-203x150.png 203w, https:\/\/baldios.pt\/pt\/wp-content\/uploads\/03F-1-150x111.png 150w\" sizes=\"(max-width: 900px) 100vw, 900px\" \/><\/p>\n<p><img loading=\"lazy\" class=\"alignnone size-medium wp-image-1128\" src=\"http:\/\/baldios.pt\/pt\/wp-content\/uploads\/02-900x595.png\" alt=\"\" width=\"900\" height=\"595\" srcset=\"https:\/\/baldios.pt\/pt\/wp-content\/uploads\/02-900x595.png 900w, https:\/\/baldios.pt\/pt\/wp-content\/uploads\/02-768x508.png 768w, https:\/\/baldios.pt\/pt\/wp-content\/uploads\/02-227x150.png 227w, https:\/\/baldios.pt\/pt\/wp-content\/uploads\/02-150x99.png 150w, https:\/\/baldios.pt\/pt\/wp-content\/uploads\/02.png 1000w\" sizes=\"(max-width: 900px) 100vw, 900px\" \/><\/p>\n<p><img loading=\"lazy\" class=\"alignnone size-medium wp-image-1132\" src=\"http:\/\/baldios.pt\/pt\/wp-content\/uploads\/04-900x433.png\" alt=\"\" width=\"900\" height=\"433\" srcset=\"https:\/\/baldios.pt\/pt\/wp-content\/uploads\/04-900x433.png 900w, https:\/\/baldios.pt\/pt\/wp-content\/uploads\/04-768x369.png 768w, https:\/\/baldios.pt\/pt\/wp-content\/uploads\/04-250x120.png 250w, https:\/\/baldios.pt\/pt\/wp-content\/uploads\/04-150x72.png 150w, https:\/\/baldios.pt\/pt\/wp-content\/uploads\/04.png 1000w\" sizes=\"(max-width: 900px) 100vw, 900px\" \/><\/p>\n<p>The design for the new museum should be anchored on the history and memory of the island.<\/p>\n<p>The proposed scheme starts with a wall, enclosing a territory. Inside, a robust single-storey structure defines a set of orthogonal spaces which confront the perimeter wall, oblique in response to varying surroundings. Indoor and outdoor spaces are modelled and articulated, echoing the history of a palace, a city, a classical culture. A place of no time, or of all times.<\/p>\n<p>An Archaeology Museum is a place beyond time, designed as a captivating repository, but also as the departing point for a journey, across the country and back to its origins.<\/p>\n<p>The museum acts as a mediator between the River Pedieos, the Nicosia Municipal Garden and the intensely meaningful Venetian Wall, extending and completing the territory. The building is laid out in continuity with that urban feature: external and public in some parts, internal and restricted in others, seemingly timeless and unbounded.<\/p>\n<p>Through their opacity and transparencies, the walls create a system of courtyards and gardens where the riverine landscape of the Pedieos can be rescued. The careful juxtaposition of hard and soft landscaping gives prominence to natural cycles and seasonal variation.<\/p>\n<p>Within walls the water becomes present, reacting to the different ecologies provided by the architecture of the courtyards. The water manifests itself through water surfaces or, implicitly, through the vegetation like a river memory.\u00a0 In the shady and moisty of the auditorium courtyards a fernery garden emerges, revealing a space in evolution, where nature takes place. Such as this, the library courtyard is subject to a topographical depression of the soil, condition that favors the natural accumulation of water and the possibility of installing a riverine grove of alders and willows.<\/p>\n<p>In the floor -1, next to the laboratories, water invades this excavated space and acts as an element that reflects the sky and light, allowing the presence of an aquatic ecology dominated by the water lentil. In the courtyard where the existing building is maintained, a garden on clay is proposed as a memory of the pre-existing platform, which may be appropriated locally or as a support for educational and play activities outside the Museum.<\/p>\n<p>&nbsp;<\/p>\n<p><em>type<\/em> open competition<\/p>\n<p><em>location<\/em> Nicosia, Cyprus<\/p>\n<p><em>project date<\/em> 2017<\/p>\n<p><em>client<\/em> Republic of Cyprus . Ministry of Transport, Communications and Works<\/p>\n<p><em>area<\/em> 2ha<\/p>\n<p><em>autores\/authors<\/em>\u00a0 SITE-SPECIFIC + MANUEL AIRES MATEUS + BALDIOS arquitetos paisagistas<\/p>\n<p><em>BALDIOS arquitetos paisagistas <\/em>Catarina Raposo, Joana Marques, Pedro Gusm\u00e3o, Samuel Alcobia<\/p>\n<p><em>SITE-SPECIFIC\u00a0<\/em> + <em>MANUEL AIRES MATEUS <\/em>Patr\u00edcia Marques, Paulo Costa e Manuel Aires Mateus, com T\u00e2nia Oliveira, Bernardo Sousa, Valentino Capelo de Sousa, Ana Dias, Anna Siviero, Ant\u00f3nio Gabriel, Jacinta Fialho e Gil Cardoso.<\/p>\n<p><em>Museology<\/em> . Fernando Ant\u00f3nio Baptista Pereira<br \/>\n<em>Museography<\/em> . P-06 Atelier<br \/>\n<em>Engineer<\/em> . afaconsult<\/p>\n<p><em>rendering<\/em> Bernardo Sousa (phase 2), 1825 empreiteiros digitais (phase 1)<\/p>\n","protected":false},"excerpt":{"rendered":"<p>CONCURSO PARA O NOVO MUSEU DO CHIPRE [seleccionado para a 2\u00aa fase]. NICOSIA design competition for the New Cyprus Museum [selected for 2nd stage]. nicosia The design for the new museum should be anchored on the history and memory of the island. The proposed scheme starts with a wall, enclosing\u2026 <a class=\"continue-reading-link\" href=\"https:\/\/baldios.pt\/pt\/projectos\/new-cyprus-museum\/\">Continue reading<\/a><\/p>\n","protected":false},"author":2,"featured_media":0,"parent":67,"menu_order":0,"comment_status":"closed","ping_status":"closed","template":"","meta":[],"_links":{"self":[{"href":"https:\/\/baldios.pt\/pt\/wp-json\/wp\/v2\/pages\/1122"}],"collection":[{"href":"https:\/\/baldios.pt\/pt\/wp-json\/wp\/v2\/pages"}],"about":[{"href":"https:\/\/baldios.pt\/pt\/wp-json\/wp\/v2\/types\/page"}],"author":[{"embeddable":true,"href":"https:\/\/baldios.pt\/pt\/wp-json\/wp\/v2\/users\/2"}],"replies":[{"embeddable":true,"href":"https:\/\/baldios.pt\/pt\/wp-json\/wp\/v2\/comments?post=1122"}],"version-history":[{"count":12,"href":"https:\/\/baldios.pt\/pt\/wp-json\/wp\/v2\/pages\/1122\/revisions"}],"predecessor-version":[{"id":1232,"href":"https:\/\/baldios.pt\/pt\/wp-json\/wp\/v2\/pages\/1122\/revisions\/1232"}],"up":[{"embeddable":true,"href":"https:\/\/baldios.pt\/pt\/wp-json\/wp\/v2\/pages\/67"}],"wp:attachment":[{"href":"https:\/\/baldios.pt\/pt\/wp-json\/wp\/v2\/media?parent=1122"}],"curies":[{"name":"wp","href":"https:\/\/api.w.org\/{rel}","templated":true}]}}