{"id":1092,"date":"2018-02-18T22:32:39","date_gmt":"2018-02-18T22:32:39","guid":{"rendered":"http:\/\/baldios.pt\/pt\/?page_id=1092"},"modified":"2018-03-25T21:17:58","modified_gmt":"2018-03-25T21:17:58","slug":"marsilea-azorica","status":"publish","type":"page","link":"https:\/\/baldios.pt\/pt\/projectos\/marsilea-azorica\/","title":{"rendered":"MARSILEA AZORICA"},"content":{"rendered":"<p><strong>MARZILEA AZORICA . WALK&amp;TALK: CIRCUITO ARTE P\u00daBLICA . RELV\u00c3O . ANGRA DO HERO\u00cdSMO . TERCEIRA . A\u00c7ORES<br \/>\n<\/strong><em>marzilea azorica . Walk&amp;Talk: public art circuit . relv\u00e3o . angra do hero\u00edsmo . terceira . azores<br \/>\n<\/em><\/p>\n<p><img loading=\"lazy\" class=\"alignnone size-medium wp-image-1110\" src=\"http:\/\/baldios.pt\/pt\/wp-content\/uploads\/imagem-aerea-PB-02-900x515.png\" alt=\"\" width=\"900\" height=\"515\" srcset=\"https:\/\/baldios.pt\/pt\/wp-content\/uploads\/imagem-aerea-PB-02-900x515.png 900w, https:\/\/baldios.pt\/pt\/wp-content\/uploads\/imagem-aerea-PB-02-768x439.png 768w, https:\/\/baldios.pt\/pt\/wp-content\/uploads\/imagem-aerea-PB-02-250x143.png 250w, https:\/\/baldios.pt\/pt\/wp-content\/uploads\/imagem-aerea-PB-02-150x86.png 150w, https:\/\/baldios.pt\/pt\/wp-content\/uploads\/imagem-aerea-PB-02.png 1000w\" sizes=\"(max-width: 900px) 100vw, 900px\" \/><\/p>\n<p><img loading=\"lazy\" class=\"alignnone size-medium wp-image-1097\" src=\"http:\/\/baldios.pt\/pt\/wp-content\/uploads\/BALDIOS_WT_TANQUE_AZEITE-900x600.png\" alt=\"\" width=\"900\" height=\"600\" srcset=\"https:\/\/baldios.pt\/pt\/wp-content\/uploads\/BALDIOS_WT_TANQUE_AZEITE-900x600.png 900w, https:\/\/baldios.pt\/pt\/wp-content\/uploads\/BALDIOS_WT_TANQUE_AZEITE-768x512.png 768w, https:\/\/baldios.pt\/pt\/wp-content\/uploads\/BALDIOS_WT_TANQUE_AZEITE-225x150.png 225w, https:\/\/baldios.pt\/pt\/wp-content\/uploads\/BALDIOS_WT_TANQUE_AZEITE-150x100.png 150w, https:\/\/baldios.pt\/pt\/wp-content\/uploads\/BALDIOS_WT_TANQUE_AZEITE.png 1000w\" sizes=\"(max-width: 900px) 100vw, 900px\" \/><\/p>\n<p><img loading=\"lazy\" class=\"alignnone size-medium wp-image-1095\" src=\"http:\/\/baldios.pt\/pt\/wp-content\/uploads\/junto-900x167.png\" alt=\"\" width=\"900\" height=\"167\" srcset=\"https:\/\/baldios.pt\/pt\/wp-content\/uploads\/junto-900x167.png 900w, https:\/\/baldios.pt\/pt\/wp-content\/uploads\/junto-768x143.png 768w, https:\/\/baldios.pt\/pt\/wp-content\/uploads\/junto-1024x190.png 1024w, https:\/\/baldios.pt\/pt\/wp-content\/uploads\/junto-250x46.png 250w, https:\/\/baldios.pt\/pt\/wp-content\/uploads\/junto-150x28.png 150w, https:\/\/baldios.pt\/pt\/wp-content\/uploads\/junto.png 1800w\" sizes=\"(max-width: 900px) 100vw, 900px\" \/><\/p>\n<p><img loading=\"lazy\" class=\"alignnone size-medium wp-image-1098\" src=\"http:\/\/baldios.pt\/pt\/wp-content\/uploads\/P1110487-900x675.png\" alt=\"\" width=\"900\" height=\"675\" srcset=\"https:\/\/baldios.pt\/pt\/wp-content\/uploads\/P1110487-900x675.png 900w, https:\/\/baldios.pt\/pt\/wp-content\/uploads\/P1110487-800x600.png 800w, https:\/\/baldios.pt\/pt\/wp-content\/uploads\/P1110487-768x576.png 768w, https:\/\/baldios.pt\/pt\/wp-content\/uploads\/P1110487-200x150.png 200w, https:\/\/baldios.pt\/pt\/wp-content\/uploads\/P1110487-150x113.png 150w, https:\/\/baldios.pt\/pt\/wp-content\/uploads\/P1110487.png 1000w\" sizes=\"(max-width: 900px) 100vw, 900px\" \/><\/p>\n<p><img loading=\"lazy\" class=\"alignnone size-medium wp-image-1096\" src=\"http:\/\/baldios.pt\/pt\/wp-content\/uploads\/P1110399-900x675.png\" alt=\"\" width=\"900\" height=\"675\" srcset=\"https:\/\/baldios.pt\/pt\/wp-content\/uploads\/P1110399-900x675.png 900w, https:\/\/baldios.pt\/pt\/wp-content\/uploads\/P1110399-800x600.png 800w, https:\/\/baldios.pt\/pt\/wp-content\/uploads\/P1110399-768x576.png 768w, https:\/\/baldios.pt\/pt\/wp-content\/uploads\/P1110399-200x150.png 200w, https:\/\/baldios.pt\/pt\/wp-content\/uploads\/P1110399-150x113.png 150w, https:\/\/baldios.pt\/pt\/wp-content\/uploads\/P1110399.png 1000w\" sizes=\"(max-width: 900px) 100vw, 900px\" \/><\/p>\n<p><img loading=\"lazy\" class=\"alignnone size-medium wp-image-1099\" src=\"http:\/\/baldios.pt\/pt\/wp-content\/uploads\/P1110421-900x675.png\" alt=\"\" width=\"900\" height=\"675\" srcset=\"https:\/\/baldios.pt\/pt\/wp-content\/uploads\/P1110421-900x675.png 900w, https:\/\/baldios.pt\/pt\/wp-content\/uploads\/P1110421-800x600.png 800w, https:\/\/baldios.pt\/pt\/wp-content\/uploads\/P1110421-768x576.png 768w, https:\/\/baldios.pt\/pt\/wp-content\/uploads\/P1110421-200x150.png 200w, https:\/\/baldios.pt\/pt\/wp-content\/uploads\/P1110421-150x113.png 150w, https:\/\/baldios.pt\/pt\/wp-content\/uploads\/P1110421.png 1000w\" sizes=\"(max-width: 900px) 100vw, 900px\" \/><\/p>\n<p><img loading=\"lazy\" class=\"alignnone size-medium wp-image-1100\" src=\"http:\/\/baldios.pt\/pt\/wp-content\/uploads\/WT_Baldios-2260-900x600.png\" alt=\"\" width=\"900\" height=\"600\" srcset=\"https:\/\/baldios.pt\/pt\/wp-content\/uploads\/WT_Baldios-2260-900x600.png 900w, https:\/\/baldios.pt\/pt\/wp-content\/uploads\/WT_Baldios-2260-768x512.png 768w, https:\/\/baldios.pt\/pt\/wp-content\/uploads\/WT_Baldios-2260-225x150.png 225w, https:\/\/baldios.pt\/pt\/wp-content\/uploads\/WT_Baldios-2260-150x100.png 150w, https:\/\/baldios.pt\/pt\/wp-content\/uploads\/WT_Baldios-2260.png 1000w\" sizes=\"(max-width: 900px) 100vw, 900px\" \/><\/p>\n<p><img loading=\"lazy\" class=\"alignnone size-medium wp-image-1101\" src=\"http:\/\/baldios.pt\/pt\/wp-content\/uploads\/WT_Baldios-2270-900x600.png\" alt=\"\" width=\"900\" height=\"600\" srcset=\"https:\/\/baldios.pt\/pt\/wp-content\/uploads\/WT_Baldios-2270-900x600.png 900w, https:\/\/baldios.pt\/pt\/wp-content\/uploads\/WT_Baldios-2270-768x512.png 768w, https:\/\/baldios.pt\/pt\/wp-content\/uploads\/WT_Baldios-2270-225x150.png 225w, https:\/\/baldios.pt\/pt\/wp-content\/uploads\/WT_Baldios-2270-150x100.png 150w, https:\/\/baldios.pt\/pt\/wp-content\/uploads\/WT_Baldios-2270.png 1000w\" sizes=\"(max-width: 900px) 100vw, 900px\" \/><\/p>\n<div class=\"first column\">\n<p>&nbsp;<\/p>\n<p style=\"text-align: left;\">The intervention consists in the displacement of a four-leaf water clover into the public space. Formerly described as Marsilea azorica, a scientific article in 2011 demonstrated that the flora\u2013 once thought to be a protected species that could only be found in a small pond in Ilha Terceira- was actually Marsilea hirsuta, a plant from Australia popular in aquascaping. Overnight, the endangered four-leaf water clover became an invasive species within the Azores.<\/p>\n<p style=\"text-align: left;\">The probable itinerary of this plant, from Australia to Terceira via Florida in the US, finds parallels with the commerce and cultural trade that occurred since the early days in the Azores. The questions broached by the ecosystems\u2019 contamination reflect the contemporary condition of human society, the tension between global and local integration, and what rhetoric defines the lines between foreigner and native.<\/p>\n<p style=\"text-align: left;\">The clover was carefully collected and transplanted onto three octagonal rafts which are lined with local lapilli, a volcanic material, as a substrate for the plants\u2019 growth. The octagons float in a 17th-century quarter-circle tank, drifting with the breezes in a slow, never-repeating movement.<\/p>\n<p style=\"text-align: left;\">Materials: Cryptomeria, foil, lapilli, Marsilea hirsuta<\/p>\n<p style=\"text-align: left;\">Dimensions: Variable<\/p>\n<p>&nbsp;<\/p>\n<p><em>type<\/em> ephemeral<\/p>\n<p><em>location<\/em> Angra do Hero\u00edsmo, Terceira, Azores, Portugal<\/p>\n<p><em>project date<\/em> 2017<\/p>\n<p><em>client<\/em> Walk&amp;Talk<\/p>\n<p><em>curatorship KWY.studio<\/em><\/p>\n<p><em>autores\/authors<\/em>\u00a0 BALDIOS arquitetos paisagistas<\/p>\n<p><em>BALDIOS arquitetos paisagistas<\/em> Catarina Raposo, Joana Marques, Pedro Gusm\u00e3o, Samuel Alcobia<\/p>\n<p><em>photos<\/em> Ant\u00f3nio Ara\u00fajo (photos 4 and 5) . Samuel Alcobia<\/p>\n<\/div>\n","protected":false},"excerpt":{"rendered":"<p>MARZILEA AZORICA . WALK&amp;TALK: CIRCUITO ARTE P\u00daBLICA . RELV\u00c3O . ANGRA DO HERO\u00cdSMO . TERCEIRA . A\u00c7ORES marzilea azorica . Walk&amp;Talk: public art circuit . relv\u00e3o . angra do hero\u00edsmo . terceira . azores &nbsp; The intervention consists in the displacement of a four-leaf water clover into the public space.\u2026 <a class=\"continue-reading-link\" href=\"https:\/\/baldios.pt\/pt\/projectos\/marsilea-azorica\/\">Continue reading<\/a><\/p>\n","protected":false},"author":2,"featured_media":0,"parent":67,"menu_order":0,"comment_status":"closed","ping_status":"closed","template":"","meta":[],"_links":{"self":[{"href":"https:\/\/baldios.pt\/pt\/wp-json\/wp\/v2\/pages\/1092"}],"collection":[{"href":"https:\/\/baldios.pt\/pt\/wp-json\/wp\/v2\/pages"}],"about":[{"href":"https:\/\/baldios.pt\/pt\/wp-json\/wp\/v2\/types\/page"}],"author":[{"embeddable":true,"href":"https:\/\/baldios.pt\/pt\/wp-json\/wp\/v2\/users\/2"}],"replies":[{"embeddable":true,"href":"https:\/\/baldios.pt\/pt\/wp-json\/wp\/v2\/comments?post=1092"}],"version-history":[{"count":12,"href":"https:\/\/baldios.pt\/pt\/wp-json\/wp\/v2\/pages\/1092\/revisions"}],"predecessor-version":[{"id":1119,"href":"https:\/\/baldios.pt\/pt\/wp-json\/wp\/v2\/pages\/1092\/revisions\/1119"}],"up":[{"embeddable":true,"href":"https:\/\/baldios.pt\/pt\/wp-json\/wp\/v2\/pages\/67"}],"wp:attachment":[{"href":"https:\/\/baldios.pt\/pt\/wp-json\/wp\/v2\/media?parent=1092"}],"curies":[{"name":"wp","href":"https:\/\/api.w.org\/{rel}","templated":true}]}}